{"id":16619,"date":"2016-10-23T14:53:54","date_gmt":"2016-10-23T12:53:54","guid":{"rendered":"http:\/\/preproduction.mediagenic.ch\/engagement\/"},"modified":"2023-10-09T10:36:20","modified_gmt":"2023-10-09T08:36:20","slug":"media-planning","status":"publish","type":"page","link":"https:\/\/www.mediagenic.ch\/de\/media-planning\/","title":{"rendered":"Unsere Methodik"},"content":{"rendered":"\n<div class=\"row row-collapse row-full-width align-middle\"  id=\"row-584291326\">\n\n\n\t<div id=\"col-825702084\" class=\"col medium-6 large-6\"  data-animate=\"fadeInLeft\">\n\t\t\t\t<div class=\"col-inner\"  >\n\t\t\t\n\t\t\t\n\n<h1><span style=\"font-size: 140%;\">+ 20 Jahre Erfahrung im Dienste Ihrer Mediaplanungsstrategie<\/span><\/h1>\n<p>MEDIAGENIC ist eine Agentur f\u00fcr Mediamarketing mit Schwerpunkt auf Mediastrategie und erstellt leistungsf\u00e4hige, effiziente und wirkungsvolle Mediapl\u00e4ne.<\/p>\n\n\t\t<\/div>\n\t\t\t\t\n<style>\n#col-825702084 > .col-inner {\n  padding: 90px 60px 60px 60px;\n}\n<\/style>\n\t<\/div>\n\n\t\n\n\t<div id=\"col-395175251\" class=\"col medium-6 large-6\"  >\n\t\t\t\t<div class=\"col-inner\"  >\n\t\t\t\n\t\t\t\n\n\t<div class=\"img has-hover x md-x lg-x y md-y lg-y\" id=\"image_241844312\">\n\t\t\t\t\t\t\t\t<div class=\"img-inner image-cover dark\" style=\"padding-top:100%;\">\n\t\t\t<img loading=\"lazy\" decoding=\"async\" width=\"983\" height=\"625\" src=\"https:\/\/www.mediagenic.ch\/wp-content\/uploads\/2023\/06\/17.png\" class=\"attachment-large size-large\" alt=\"Lettres en bois pour illustrer la m\u00e9thodologie adopt\u00e9e par l&#039;agence Mediagenic\" srcset=\"https:\/\/www.mediagenic.ch\/wp-content\/uploads\/2023\/06\/17.png 983w, https:\/\/www.mediagenic.ch\/wp-content\/uploads\/2023\/06\/17-300x191.png 300w, https:\/\/www.mediagenic.ch\/wp-content\/uploads\/2023\/06\/17-768x488.png 768w\" sizes=\"auto, (max-width: 983px) 100vw, 983px\" \/>\t\t\t\t\t\t\n\t\t\t\t\t<\/div>\n\t\t\t\t\t\t\t\t\n<style>\n#image_241844312 {\n  width: 100%;\n}\n<\/style>\n\t<\/div>\n\t\n\n\n\t\t<\/div>\n\t\t\t\t\t<\/div>\n\n\t\n\n<\/div>\n\t<section class=\"section dark\" id=\"section_610655871\">\n\t\t<div class=\"bg section-bg fill bg-fill  bg-loaded\" >\n\n\t\t\t\n\t\t\t\n\t\t\t\n\n\t\t<\/div>\n\n\t\t\n\n\t\t<div class=\"section-content relative\">\n\t\t\t\n\n<div class=\"row\"  id=\"row-484816204\">\n\n\n\t<div id=\"col-1008217079\" class=\"col medium-6 small-12 large-6\"  >\n\t\t\t\t<div class=\"col-inner\"  >\n\t\t\t\n\t\t\t\n\n<h2><span style=\"font-size: 100%;\">Unser Engagement: Ihre Ziele \u00fcbertreffen und gleichzeitig Ihre Ausgaben optimieren<\/span><\/h2>\n<p>Die Zufriedenheit unserer Kunden ist unsere oberste Priorit\u00e4t. Deshalb haben wir einen Arbeitsprozess eingef\u00fchrt, der es uns erm\u00f6glicht, Sie \u00fcber Ihr urspr\u00fcngliches Briefing hinaus zu begleiten.<\/p>\n\t<div class=\"img has-hover x md-x lg-x y md-y lg-y\" id=\"image_857297942\">\n\t\t\t\t\t\t\t\t<div class=\"img-inner dark\" >\n\t\t\t<img loading=\"lazy\" decoding=\"async\" width=\"1080\" height=\"1388\" src=\"https:\/\/www.mediagenic.ch\/wp-content\/uploads\/2023\/06\/h1.png\" class=\"attachment-original size-original\" alt=\"Une boule bleue qui se d\u00e9marque des boules blanches pour illustrer comment l&#039;agence Mediagenic se d\u00e9marque de ses concurrents\" srcset=\"https:\/\/www.mediagenic.ch\/wp-content\/uploads\/2023\/06\/h1.png 1080w, https:\/\/www.mediagenic.ch\/wp-content\/uploads\/2023\/06\/h1-233x300.png 233w, https:\/\/www.mediagenic.ch\/wp-content\/uploads\/2023\/06\/h1-801x1030.png 801w, https:\/\/www.mediagenic.ch\/wp-content\/uploads\/2023\/06\/h1-768x987.png 768w\" sizes=\"auto, (max-width: 1080px) 100vw, 1080px\" \/>\t\t\t\t\t\t\n\t\t\t\t\t<\/div>\n\t\t\t\t\t\t\t\t\n<style>\n#image_857297942 {\n  width: 100%;\n}\n<\/style>\n\t<\/div>\n\t\n\n\n\t\t<\/div>\n\t\t\t\t\n<style>\n#col-1008217079 > .col-inner {\n  padding: 30px 30px 30px 30px;\n}\n<\/style>\n\t<\/div>\n\n\t\n\n\t<div id=\"col-1885345705\" class=\"col medium-6 small-12 large-6\"  >\n\t\t\t\t<div class=\"col-inner\"  >\n\t\t\t\n\t\t\t\n\n<h3>Kostenlose Pr\u00fcfung Ihrer Mediastrategie<\/h3>\n<p>Der erste Schritt besteht darin, eine umfassende Pr\u00fcfung Ihrer Kommunikationsvorrichtungen und Mediainvestitionen durchzuf\u00fchren. Diese umfassende Studie erm\u00f6glicht es uns, zu analysieren :<\/p>\n<ul>\n<li>Die Rentabilit\u00e4t der bereits get\u00e4tigten Medienk\u00e4ufe<\/li>\n<li>Die <a href=\"https:\/\/www.mediagenic.ch\/de\/mediagenic\/ihre-beduerfnisse\/branding-performance\/\">Leistung Ihrer<\/a> vergangenen <a href=\"https:\/\/www.mediagenic.ch\/de\/mediagenic\/ihre-beduerfnisse\/branding-performance\/\">Werbekampagnen<\/a> durch die Beobachtung von Leistungsindikatoren (KPIs)<\/li>\n<li>Die Bewertung Ihrer Situation im Vergleich zu Ihren Konkurrenten, um Chancen und Bedrohungen zu identifizieren<\/li>\n<li>Das Verhalten Ihrer Zielgruppen und ihre Mediennutzungstendenzen<\/li>\n<\/ul>\n<p>Wir gleichen unsere Markt- und Branchenkenntnisse ab, um zu \u00fcberpr\u00fcfen, ob Ihre Kommunikationsstrategie mit den Best Practices des jeweiligen Bereichs \u00fcbereinstimmt. Dieses Audit erm\u00f6glicht es uns insbesondere, Ihre Marke und ihre Positionierung auf dem Markt richtig zu verstehen.<\/p>\n<p>Mit unserem kostenlosen Audit gehen Sie mit unseren Empfehlungen zur Optimierung Ihrer Medienpr\u00e4senz, die sich am Return on Investment (ROI) orientiert, nach Hause.<\/p>\n<a href=\"https:\/\/www.mediagenic.ch\/de\/audit\/\" target=\"_self\" class=\"button white is-outline lowercase\"  >\n    <span>Ich m\u00f6chte eine kostenlose Pr\u00fcfung<\/span>\n  <\/a>\n\n\n\n\t\t<\/div>\n\t\t\t\t\n<style>\n#col-1885345705 > .col-inner {\n  padding: 30px 30px 30px 30px;\n}\n<\/style>\n\t<\/div>\n\n\t\n\n<\/div>\n\n\t\t<\/div>\n\n\t\t\n<style>\n#section_610655871 {\n  padding-top: 30px;\n  padding-bottom: 30px;\n  background-color: #004aad;\n}\n#section_610655871 .ux-shape-divider--top svg {\n  height: 150px;\n  --divider-top-width: 100%;\n}\n#section_610655871 .ux-shape-divider--bottom svg {\n  height: 150px;\n  --divider-width: 100%;\n}\n<\/style>\n\t<\/section>\n\t\n<div class=\"row\"  id=\"row-167753840\">\n\n\n\t<div id=\"col-1277920523\" class=\"col medium-6 small-12 large-6\"  >\n\t\t\t\t<div class=\"col-inner\"  >\n\t\t\t\n\t\t\t\n\n<h2><span style=\"font-size: 95%;\">Warum sollte man einen Mediaplan erstellen?<\/span><\/h2>\n<p>Die Erstellung eines Mediaplans ist f\u00fcr eine effektive Kommunikations- und Marketingstrategie unerl\u00e4sslich. Hier sind einige Schl\u00fcsselgr\u00fcnde, warum es wichtig ist, einen Mediaplan aufzustellen :<\/p>\n<div class=\"accordion\" rel=\"\">\n\n<div class=\"accordion-item\"><a href=\"#\" class=\"accordion-title plain\"><button class=\"toggle\" aria-label=\"Toggle\"><i class=\"icon-angle-down\"><\/i><\/button><span>Maximierung der Effektivit\u00e4t<\/span><\/a><div class=\"accordion-inner\">\n\n<p>Ein gut durchdachter Mediaplan maximiert die Wirksamkeit von Kommunikations- und Marketingma\u00dfnahmen. Sie erm\u00f6glicht es, klare Kommunikationsziele festzulegen, die Zielgruppe zu identifizieren, die geeignetsten Kommunikationskan\u00e4le auszuw\u00e4hlen und den Zeitplan f\u00fcr die Massnahmen zu bestimmen. Dadurch wird die Ressourcenzuweisung optimiert und die Anstrengungen k\u00f6nnen auf die Massnahmen konzentriert werden, die f\u00fcr die Erreichung der Ziele am relevantesten und effektivsten sind.<\/p>\n\n<\/div><\/div>\n<div class=\"accordion-item\"><a href=\"#\" class=\"accordion-title plain\"><button class=\"toggle\" aria-label=\"Toggle\"><i class=\"icon-angle-down\"><\/i><\/button><span>Das Budget kontrollieren<\/span><\/a><div class=\"accordion-inner\">\n\n<p>Ein Mediaplan erm\u00f6glicht eine bessere Kontrolle des Budgets, das f\u00fcr Kommunikation und Marketing bereitgestellt wird. Damit k\u00f6nnen Sie die gesch\u00e4tzten Kosten f\u00fcr jeden Kanal und jede Aktion festlegen, die Ausgaben \u00fcber einen bestimmten Zeitraum planen und die tats\u00e4chlichen Kosten im Vergleich zu den Prognosen \u00fcberwachen. Dies hilft, unn\u00f6tige Ausgaben zu vermeiden, Investitionen zu priorisieren und die Rendite zu maximieren.<\/p>\n\n<\/div><\/div>\n<div class=\"accordion-item\"><a href=\"#\" class=\"accordion-title plain\"><button class=\"toggle\" aria-label=\"Toggle\"><i class=\"icon-angle-down\"><\/i><\/button><span>Aktionen koordinieren<\/span><\/a><div class=\"accordion-inner\">\n\n<p>Ein Mediaplan dient dazu, die verschiedenen Kommunikations- und Marketingma\u00dfnahmen zu koordinieren. Damit k\u00f6nnen Sie einen klaren Zeitplan f\u00fcr Aktionen festlegen, Werbekampagnen, Beitr\u00e4ge in sozialen Netzwerken, Werbeveranstaltungen usw. synchronisieren. Dies vermeidet Konflikte bei der Planung und sorgt f\u00fcr eine einheitliche Verbreitung von Nachrichten.<\/p>\n\n<\/div><\/div>\n<div class=\"accordion-item\"><a href=\"#\" class=\"accordion-title plain\"><button class=\"toggle\" aria-label=\"Toggle\"><i class=\"icon-angle-down\"><\/i><\/button><span>Messen und Bewerten<\/span><\/a><div class=\"accordion-inner\">\n\n<p>Ein gut durchdachter Mediaplan erleichtert die Messung und Bewertung von Kommunikationsmassnahmen. Es erm\u00f6glicht die Festlegung von Key Performance Indicators (KPIs) f\u00fcr jeden Kanal und jede Massnahme, sodass die Ergebnisse verfolgt und die Wirksamkeit der Strategie bewertet werden k\u00f6nnen. Dies erm\u00f6glicht es, notwendige Anpassungen vorzunehmen und die Leistung kontinuierlich zu verbessern.<\/p>\n\n<\/div><\/div>\n<div class=\"accordion-item\"><a href=\"#\" class=\"accordion-title plain\"><button class=\"toggle\" aria-label=\"Toggle\"><i class=\"icon-angle-down\"><\/i><\/button><span>Kreativit\u00e4t anleiten<\/span><\/a><div class=\"accordion-inner\">\n\n<p>Ein Mediaplan bietet einen Rahmen und Richtlinien f\u00fcr die kreativen Aktivit\u00e4ten. Darin werden Schl\u00fcsselbotschaften, Kommunikationst\u00f6ne, Bildmaterial usw. festgelegt. Dies erleichtert die Arbeit der Kreativteams und sorgt f\u00fcr eine einheitliche Markenkommunikation \u00fcber alle Kan\u00e4le hinweg.<\/p>\n\n<\/div><\/div>\n\n<\/div>\n<p>Die Erstellung eines Mediaplans erm\u00f6glicht es, die Wirksamkeit von Kommunikationsmassnahmen zu maximieren, das Budget zu kontrollieren, die Ma\u00dfnahmen zu koordinieren, die Ergebnisse zu messen und zu bewerten und die Kreativit\u00e4t zu lenken.<\/p>\n<p>Sie ist ein unverzichtbares Instrument f\u00fcr eine gut strukturierte Kommunikations- und Marketingstrategie, die auf das Erreichen der gesetzten Ziele ausgerichtet ist.<\/p>\n\t<div id=\"gap-1861397889\" class=\"gap-element clearfix\" style=\"display:block; height:auto;\">\n\t\t\n<style>\n#gap-1861397889 {\n  padding-top: 30px;\n}\n<\/style>\n\t<\/div>\n\t\n\n<h1>Fragen zur Mediaplanung<\/h1>\n<div class=\"accordion\" rel=\"\">\n\n<div class=\"accordion-item\"><a href=\"#\" class=\"accordion-title plain\"><button class=\"toggle\" aria-label=\"Toggle\"><i class=\"icon-angle-down\"><\/i><\/button><span>Vielleicht fragen Sie sich, was ein Mediaplan ist?<\/span><\/a><div class=\"accordion-inner\">\n\n<p>Ein Mediaplan ist ein Dokument, das die Werbestrategie eines Unternehmens zur Erreichung seiner Marketingziele beschreibt. Er enth\u00e4lt Einzelheiten \u00fcber die Verteilung des Werbebudgets auf die verschiedenen Kommunikationskan\u00e4le wie Fernsehen, Radio, Presse, Plakate, digitale Medien usw. nach einem festgelegten Zeitraum.<\/p>\n<p>Es wird der optimale Medienmix ermittelt, um die Ziele der Werbekampagne zu erreichen, und zwar auf der Grundlage der Zielgruppe, der Markttrends, der Leistung der Werbekan\u00e4le und des zugewiesenen Budgets. Die Mediaplanung erm\u00f6glicht einen umfassenden \u00dcberblick \u00fcber vergangene und zuk\u00fcnftige Werbeschaltungen.<\/p>\n\n<\/div><\/div>\n<div class=\"accordion-item\"><a href=\"#\" class=\"accordion-title plain\"><button class=\"toggle\" aria-label=\"Toggle\"><i class=\"icon-angle-down\"><\/i><\/button><span>Was sind die Hauptaufgaben eines Mediaplaners?<\/span><\/a><div class=\"accordion-inner\">\n\n<ul>\n<li>Analysieren Sie Marktdaten und Branchentrends, um die besten Werbem\u00f6glichkeiten zu ermitteln.<\/li>\n<li>Ihre Kommunikationsmittel gezielt einsetzen und die relevantesten Werbekan\u00e4le identifizieren, um diese Zielgruppen zu erreichen.<\/li>\n<li>Werbebudgets aufstellen und die Ausgaben auf die verschiedenen <a href=\"https:\/\/www.mediagenic.ch\/de\/dienste\/\">Werbekan\u00e4le<\/a> verteilen, seien es traditionelle Medien (TV- oder Radiospots, Werbefl\u00e4chen in Zeitungen und Zeitschriften, Plakate) oder digitale Medien (Banner, soziale Medien, E-Mailing, RTB, Adwords).<\/li>\n<li>Verhandeln Sie Preise und Werbefl\u00e4chen mit den verschiedenen Medien und Regiebetrieben.<\/li>\n<li>Erstellen Sie Sendepl\u00e4ne f\u00fcr Werbekampagnen und \u00fcberwachen Sie deren Durchf\u00fchrung.<\/li>\n<li>Bewerten Sie die Ergebnisse von Werbekampagnen und passen Sie die Strategien entsprechend der Leistung an.<\/li>\n<\/ul>\n\n<\/div><\/div>\n\n<\/div>\n\t<div id=\"gap-765553374\" class=\"gap-element clearfix\" style=\"display:block; height:auto;\">\n\t\t\n<style>\n#gap-765553374 {\n  padding-top: 30px;\n}\n<\/style>\n\t<\/div>\n\t\n\n<a href=\"https:\/\/www.mediagenic.ch\/de\/audit\/\" target=\"_self\" class=\"button primary is-outline lowercase\"  >\n    <span>Ich m\u00f6chte eine kostenlose Pr\u00fcfung<\/span>\n  <\/a>\n\n\n\n\t\t<\/div>\n\t\t\t\t\n<style>\n#col-1277920523 > .col-inner {\n  padding: 0px 30px 0px 30px;\n}\n<\/style>\n\t<\/div>\n\n\t\n\n\t<div id=\"col-477998723\" class=\"col medium-6 small-12 large-6\"  >\n\t\t\t\t<div class=\"col-inner\"  >\n\t\t\t\n\t\t\t\n\n<h2>Unsere Rolle: Erstellen Sie einen Mediaplan, mit dem Sie Ihre Ziele erreichen k\u00f6nnen.<\/h2>\n<p>Unsere Mediaagentur stellt Ihnen ihre Kommunikationsprofis, Mediaplaner, zur Verf\u00fcgung.<\/p>\n<p>Die Aufgabe eines Mediaplaners besteht darin, Werbestrategien f\u00fcr Marken und Unternehmen zu entwerfen und umzusetzen. Mediaplaner arbeiten eng mit Werbetreibenden, Werbeagenturen und Werbeverwaltungen zusammen, um wirksame Kommunikationspl\u00e4ne zu entwickeln, mit denen die Marketingziele des Unternehmens erreicht werden.<\/p>\n<p>Alles in allem spielt der Mediaplaner eine Schl\u00fcsselrolle als Projektmanager bei der Konzeption und Umsetzung von Werbekampagnen, indem er die besten crossmedialen Kan\u00e4le und Werbetr\u00e4ger ausw\u00e4hlt, um die Marketingziele des Unternehmens zu erreichen.<\/p>\n<h4>Erstellung Ihres Mediaplans<\/h4>\n<p>Sobald Sie Ihre Optimierungshebel identifiziert haben, k\u00f6nnen wir Ihre Mediaplanungsstrategie festlegen.<\/p>\n\t<div class=\"img has-hover x md-x lg-x y md-y lg-y\" id=\"image_123676100\">\n\t\t\t\t\t\t\t\t<div class=\"img-inner dark\" >\n\t\t\t<img loading=\"lazy\" decoding=\"async\" width=\"1020\" height=\"670\" src=\"https:\/\/www.mediagenic.ch\/wp-content\/uploads\/2023\/06\/25-1030x677.png\" class=\"attachment-large size-large\" alt=\"Femme qui \u00e9crit sur son ordinateur portable pour illustrer l&#039;accompagnement des experts de l&#039;agence media Mediagenic vers votre visibilit\u00e9\" srcset=\"https:\/\/www.mediagenic.ch\/wp-content\/uploads\/2023\/06\/25-1030x677.png 1030w, https:\/\/www.mediagenic.ch\/wp-content\/uploads\/2023\/06\/25-300x197.png 300w, https:\/\/www.mediagenic.ch\/wp-content\/uploads\/2023\/06\/25-768x505.png 768w, https:\/\/www.mediagenic.ch\/wp-content\/uploads\/2023\/06\/25-1536x1009.png 1536w, https:\/\/www.mediagenic.ch\/wp-content\/uploads\/2023\/06\/25.png 1916w\" sizes=\"auto, (max-width: 1020px) 100vw, 1020px\" \/>\t\t\t\t\t\t\n\t\t\t\t\t<\/div>\n\t\t\t\t\t\t\t\t\n<style>\n#image_123676100 {\n  width: 100%;\n}\n<\/style>\n\t<\/div>\n\t\n\n\t<div id=\"gap-64710438\" class=\"gap-element clearfix\" style=\"display:block; height:auto;\">\n\t\t\n<style>\n#gap-64710438 {\n  padding-top: 30px;\n}\n<\/style>\n\t<\/div>\n\t\n\n\t<div id=\"gap-8444195\" class=\"gap-element clearfix\" style=\"display:block; height:auto;\">\n\t\t\n<style>\n#gap-8444195 {\n  padding-top: 30px;\n}\n<\/style>\n\t<\/div>\n\t\n\n\n\t\t<\/div>\n\t\t\t\t\n<style>\n#col-477998723 > .col-inner {\n  padding: 0px 30px 0px 30px;\n}\n<\/style>\n\t<\/div>\n\n\t\n\n<\/div>\n\t<section class=\"section\" id=\"section_1767475664\">\n\t\t<div class=\"bg section-bg fill bg-fill  bg-loaded\" >\n\n\t\t\t\n\t\t\t\n\t\t\t\n\n\t\t<\/div>\n\n\t\t\n\n\t\t<div class=\"section-content relative\">\n\t\t\t\n\n<div class=\"row\"  id=\"row-89803057\">\n\n\n\t<div id=\"col-2056861238\" class=\"col medium-6 small-12 large-6\"  >\n\t\t\t\t<div class=\"col-inner text-left\"  >\n\t\t\t\n\t\t\t\n\n<h3>Was sind die Ziele einer Werbekampagne, die auf dem Kauf von Werbefl\u00e4chen basiert?<\/h3>\n<p>Die Ziele einer Werbekampagne k\u00f6nnen je nach den spezifischen Bed\u00fcrfnissen und Zielen eines Unternehmens variieren. Dennoch sind hier einige Ziele, die \u00fcblicherweise mit Werbekampagnen verfolgt werden:<\/p>\n<div class=\"accordion\" rel=\"\">\n\n<div class=\"accordion-item\"><a href=\"#\" class=\"accordion-title plain\"><button class=\"toggle\" aria-label=\"Toggle\"><i class=\"icon-angle-down\"><\/i><\/button><span>Steigerung des Bekanntheitsgrades der Marke<\/span><\/a><div class=\"accordion-inner\">\n\n<p>Eines der h\u00e4ufigsten Ziele einer Werbekampagne ist es, den Bekanntheitsgrad der Marke bei der Zielgruppe zu erh\u00f6hen. Dies kann durch die Verwendung von schlagkr\u00e4ftigen Botschaften, ansprechenden Visualisierungen und einer bedeutenden Medienpr\u00e4senz erreicht werden. Ziel ist es, die Marke, ihre Produkte oder Dienstleistungen bekannt zu machen und sich in den K\u00f6pfen der Verbraucher zu positionieren.<\/p>\n\n<\/div><\/div>\n<div class=\"accordion-item\"><a href=\"#\" class=\"accordion-title plain\"><button class=\"toggle\" aria-label=\"Toggle\"><i class=\"icon-angle-down\"><\/i><\/button><span>Verk\u00e4ufe generieren<\/span><\/a><div class=\"accordion-inner\">\n\n<p>Das Ziel einiger Werbekampagnen ist es, den Verkauf anzukurbeln und die Einnahmen des Unternehmens zu steigern. Dies kann erreicht werden, indem man ein Gef\u00fchl der Dringlichkeit erzeugt, Sonderangebote, Rabatte oder Kaufanreize anbietet. Ziel ist es, die Verbraucher zu einem sofortigen Kauf zu \u00fcberreden oder sie zum Handeln zu bewegen.<\/p>\n\n<\/div><\/div>\n<div class=\"accordion-item\"><a href=\"#\" class=\"accordion-title plain\"><button class=\"toggle\" aria-label=\"Toggle\"><i class=\"icon-angle-down\"><\/i><\/button><span>Engagement und Interaktion f\u00f6rdern<\/span><\/a><div class=\"accordion-inner\">\n\n<p>Einige Werbekampagnen zielen darauf ab, das Engagement und die Interaktion der Verbraucher mit der Marke zu f\u00f6rdern. Dies kann sich in Handlungsaufforderungen \u00e4u\u00dfern, eine Website zu besuchen, einen Newsletter zu abonnieren, an einem Wettbewerb teilzunehmen, zu kommentieren oder Inhalte in den sozialen Medien zu teilen. Ziel ist es, die Verbraucher zu ermutigen, mit der Marke zu interagieren, eine emotionale Bindung aufzubauen und die langfristige Treue zu f\u00f6rdern.<\/p>\n\n<\/div><\/div>\n<div class=\"accordion-item\"><a href=\"#\" class=\"accordion-title plain\"><button class=\"toggle\" aria-label=\"Toggle\"><i class=\"icon-angle-down\"><\/i><\/button><span>Informieren und erziehen<\/span><\/a><div class=\"accordion-inner\">\n\n<p>Einige Werbekampagnen zielen darauf ab, die \u00d6ffentlichkeit \u00fcber ein bestimmtes Produkt, eine Dienstleistung oder eine Problematik zu informieren und aufzukl\u00e4ren. Dabei kann es sich um die Vermittlung von Informationen \u00fcber die Eigenschaften eines Produkts, die Sensibilisierung f\u00fcr soziale oder \u00f6kologische Belange oder die Bereitstellung n\u00fctzlicher Ratschl\u00e4ge handeln. Ziel ist es, die Autorit\u00e4t der Marke zu etablieren und ein Vertrauensverh\u00e4ltnis zu den Verbrauchern aufzubauen.<\/p>\n\n<\/div><\/div>\n<div class=\"accordion-item\"><a href=\"#\" class=\"accordion-title plain\"><button class=\"toggle\" aria-label=\"Toggle\"><i class=\"icon-angle-down\"><\/i><\/button><span>Einstellungen und Verhaltensweisen \u00e4ndern<\/span><\/a><div class=\"accordion-inner\">\n\n<p>Einige Werbekampagnen zielen darauf ab, die Einstellungen und das Verhalten der Verbraucher zu \u00e4ndern. Dazu k\u00f6nnen Sensibilisierungskampagnen, Kampagnen zur Bek\u00e4mpfung von Stereotypen, Kampagnen zur F\u00f6rderung gesunder oder nachhaltiger Verhaltensweisen usw. geh\u00f6ren. Ziel ist es, die Einstellungen und das Verhalten der Verbraucher positiv zu beeinflussen und zum sozialen Wandel beizutragen.<\/p>\n\n<\/div><\/div>\n\n<\/div>\n\n\t\t<\/div>\n\t\t\t\t\n<style>\n#col-2056861238 > .col-inner {\n  padding: 0px 30px 0px 30px;\n}\n<\/style>\n\t<\/div>\n\n\t\n\n\t<div id=\"col-947844656\" class=\"col medium-6 small-12 large-6\"  >\n\t\t\t\t<div class=\"col-inner\"  >\n\t\t\t\n\t\t\t\n\n<p>Es ist wichtig, die Ziele der Werbekampagne von Anfang an klar zu definieren, da dies die strategischen und kreativen Entscheidungen w\u00e4hrend des gesamten Planungs- und Erstellungsprozesses der Kampagne lenken wird.<\/p>\n<h2>MEDIAGENIC unterst\u00fctzt Sie bei der Erstellung Ihrer Medienpl\u00e4ne!<\/h2>\n<p>Lassen Sie uns eine Medienstrategie entwickeln, die Ihrem Unternehmen n\u00fctzt und gleichzeitig Ihr Budget einh\u00e4lt! Wir beherrschen die digitale Kommunikation ebenso wie den eher traditionellen Einkauf von Werbefl\u00e4chen.<br><strong><a href=\"https:\/\/www.mediagenic.ch\/de\/kontakt\/\"><br><u>Kontaktieren Sie uns<\/u>, <\/a><\/strong>um Ihre Bed\u00fcrfnisse und unsere Methoden genauer zu besprechen.<\/p>\n\n\t\t<\/div>\n\t\t\t\t\n<style>\n#col-947844656 > .col-inner {\n  padding: 0px 30px 0px 30px;\n}\n<\/style>\n\t<\/div>\n\n\t\n\n<\/div>\n\n\t\t<\/div>\n\n\t\t\n<style>\n#section_1767475664 {\n  padding-top: 30px;\n  padding-bottom: 30px;\n  background-color: rgb(255,255,255);\n}\n#section_1767475664 .ux-shape-divider--top svg {\n  height: 150px;\n  --divider-top-width: 100%;\n}\n#section_1767475664 .ux-shape-divider--bottom svg {\n  height: 150px;\n  --divider-width: 100%;\n}\n<\/style>\n\t<\/section>\n\t\n","protected":false},"excerpt":{"rendered":"","protected":false},"author":2,"featured_media":0,"parent":0,"menu_order":0,"comment_status":"closed","ping_status":"closed","template":"page-blank.php","meta":{"footnotes":""},"class_list":["post-16619","page","type-page","status-publish","hentry"],"_links":{"self":[{"href":"https:\/\/www.mediagenic.ch\/de\/wp-json\/wp\/v2\/pages\/16619","targetHints":{"allow":["GET"]}}],"collection":[{"href":"https:\/\/www.mediagenic.ch\/de\/wp-json\/wp\/v2\/pages"}],"about":[{"href":"https:\/\/www.mediagenic.ch\/de\/wp-json\/wp\/v2\/types\/page"}],"author":[{"embeddable":true,"href":"https:\/\/www.mediagenic.ch\/de\/wp-json\/wp\/v2\/users\/2"}],"replies":[{"embeddable":true,"href":"https:\/\/www.mediagenic.ch\/de\/wp-json\/wp\/v2\/comments?post=16619"}],"version-history":[{"count":0,"href":"https:\/\/www.mediagenic.ch\/de\/wp-json\/wp\/v2\/pages\/16619\/revisions"}],"wp:attachment":[{"href":"https:\/\/www.mediagenic.ch\/de\/wp-json\/wp\/v2\/media?parent=16619"}],"curies":[{"name":"wp","href":"https:\/\/api.w.org\/{rel}","templated":true}]}}