{"id":16636,"date":"2016-10-23T14:56:14","date_gmt":"2016-10-23T12:56:14","guid":{"rendered":"http:\/\/preproduction.mediagenic.ch\/contact\/"},"modified":"2024-03-21T23:09:25","modified_gmt":"2024-03-21T22:09:25","slug":"kontakt","status":"publish","type":"page","link":"https:\/\/www.mediagenic.ch\/de\/kontakt\/","title":{"rendered":"Kontakt"},"content":{"rendered":"\n\t<section class=\"section\" id=\"section_1268692373\">\n\t\t<div class=\"bg section-bg fill bg-fill  \" >\n\n\t\t\t\n\t\t\t<div class=\"section-bg-overlay absolute fill\"><\/div>\n\t\t\t\n\n\t\t<\/div>\n\n\t\t\n\n\t\t<div class=\"section-content relative\">\n\t\t\t\n\n<div class=\"row align-center\"  id=\"row-2090717084\">\n\n\n\t<div id=\"col-1281667200\" class=\"col medium-8 small-11 large-7\"  >\n\t\t\t\t<div class=\"col-inner text-center\"  >\n\t\t\t\n\t\t\t\n\n<h1>Kontaktieren Sie Mediagenic, Ihre auf Medien- und Digitalstrategie spezialisierte Agentur<\/h1>\n<p>Wir w\u00fcrden uns freuen, von Ihnen zu h\u00f6ren. Z\u00f6gern Sie nicht, uns zu kontaktieren, wenn Sie Fragen haben, Informationen ben\u00f6tigen oder einen Termin vereinbaren m\u00f6chten.<\/p>\n\n\t\t<\/div>\n\t\t\t\t\t<\/div>\n\n\t\n\n<\/div>\n\t<div id=\"gap-773340675\" class=\"gap-element clearfix\" style=\"display:block; height:auto;\">\n\t\t\n<style>\n#gap-773340675 {\n  padding-top: 60px;\n}\n<\/style>\n\t<\/div>\n\t\n\n\n\t\t<\/div>\n\n\t\t\n<style>\n#section_1268692373 {\n  padding-top: 100px;\n  padding-bottom: 100px;\n}\n#section_1268692373 .section-bg-overlay {\n  background-color: rgba(255, 255, 255, 0.715);\n}\n#section_1268692373 .section-bg.bg-loaded {\n  background-image: url(https:\/\/www.mediagenic.ch\/wp-content\/uploads\/2023\/06\/35.png);\n}\n#section_1268692373 .section-bg {\n  background-position: 7% 65%;\n}\n#section_1268692373 .ux-shape-divider--top svg {\n  height: 150px;\n  --divider-top-width: 100%;\n}\n#section_1268692373 .ux-shape-divider--bottom svg {\n  height: 150px;\n  --divider-width: 100%;\n}\n<\/style>\n\t<\/section>\n\t\n\t<section class=\"section\" id=\"section_693279248\">\n\t\t<div class=\"bg section-bg fill bg-fill  bg-loaded\" >\n\n\t\t\t\n\t\t\t\n\t\t\t\n\n\t\t<\/div>\n\n\t\t\n\n\t\t<div class=\"section-content relative\">\n\t\t\t\n\n<div class=\"row align-center\"  id=\"row-321602246\">\n\n\n\t<div id=\"col-1391499530\" class=\"col medium-10 small-12 large-10\"  >\n\t\t\t\t<div class=\"col-inner text-left\"  >\n\t\t\t\n\t\t\t\n\n<div class=\"row\"  id=\"row-704730915\">\n\n\n\t<div id=\"col-1859094389\" class=\"col medium-6 small-12 large-6\"  >\n\t\t\t\t<div class=\"col-inner\"  >\n\t\t\t\n\t\t\t\n\n<h2>Unsere Kontaktdaten<\/h2>\n<p>Mediagenic<br>Chemin du Fr\u00eane 7<br>1004 Lausanne<\/p>\n<p>T: +41 (0)21 646 20 71<\/p>\n<a rel=\"noopener noreferrer\" href=\"https:\/\/goo.gl\/maps\/3HefWCH5KDbETmyRA\" target=\"_blank\" class=\"button primary is-outline lowercase\"  >\n    <span>Siehe Plan<\/span>\n  <\/a>\n\n\n\t<div id=\"gap-1924513385\" class=\"gap-element clearfix\" style=\"display:block; height:auto;\">\n\t\t\n<style>\n#gap-1924513385 {\n  padding-top: 30px;\n}\n<\/style>\n\t<\/div>\n\t\n\n<p><span style=\"font-size: 90%;\"><strong>B\u00fcros<\/strong><br>Chemin du Mongevon 8<\/span><br><span style=\"font-size: 90%;\">CH- 1023 Crissier<\/span><\/p>\n<p><span style=\"font-size: 90%;\">Aeschenplatz 7<\/span><br><span style=\"font-size: 90%;\">CH- 4052 Basel<\/span><\/p>\n<a rel=\"noopener noreferrer\" href=\"https:\/\/g.page\/r\/CcJUue-EvIsREBI\" target=\"_blank\" class=\"button primary is-outline lowercase\"  >\n    <span>Siehe Plan<\/span>\n  <\/a>\n\n\n<div class=\"social-icons follow-icons\" style=\"font-size:80%\"><a href=\"#\" target=\"_blank\" data-label=\"Facebook\" rel=\"noopener noreferrer nofollow\" class=\"icon primary button circle facebook tooltip\" title=\"Folge uns auf Facebook\" aria-label=\"Folge uns auf Facebook\"><i class=\"icon-facebook\" ><\/i><\/a><a href=\"#\" target=\"_blank\" rel=\"noopener noreferrer nofollow\" data-label=\"LinkedIn\" class=\"icon primary button circle  linkedin tooltip\" title=\"Follow on LinkedIn\" aria-label=\"Follow on LinkedIn\"><i class=\"icon-linkedin\" ><\/i><\/a><\/div>\n\n\n\t\t<\/div>\n\t\t\t\t\t<\/div>\n\n\t\n\n\t<div id=\"col-715985787\" class=\"col medium-6 small-12 large-6\"  >\n\t\t\t\t<div class=\"col-inner\"  >\n\t\t\t\n\t\t\t\n\n<h2>Uns schreiben<\/h2>\n<div class=\"wpforms-container wpforms-container-full\" id=\"wpforms-17616\"><form id=\"wpforms-form-17616\" class=\"wpforms-validate wpforms-form\" data-formid=\"17616\" method=\"post\" enctype=\"multipart\/form-data\" action=\"\/de\/wp-json\/wp\/v2\/pages\/16636\" data-token=\"ecc3c82c61ceeb797afdb91d059bf145\" data-token-time=\"1776613153\"><noscript class=\"wpforms-error-noscript\">Bitte aktiviere JavaScript in deinem Browser, um dieses Formular fertigzustellen.<\/noscript><div class=\"wpforms-field-container\"><div id=\"wpforms-17616-field_0-container\" class=\"wpforms-field wpforms-field-name\" data-field-id=\"0\"><label class=\"wpforms-field-label\" for=\"wpforms-17616-field_0\">Nom <span class=\"wpforms-required-label\">*<\/span><\/label><input type=\"text\" id=\"wpforms-17616-field_0\" class=\"wpforms-field-large wpforms-field-required\" name=\"wpforms[fields][0]\" required><\/div><div id=\"wpforms-17616-field_1-container\" class=\"wpforms-field wpforms-field-email\" data-field-id=\"1\"><label class=\"wpforms-field-label\" for=\"wpforms-17616-field_1\">E-mail <span class=\"wpforms-required-label\">*<\/span><\/label><input type=\"email\" id=\"wpforms-17616-field_1\" class=\"wpforms-field-large wpforms-field-required\" name=\"wpforms[fields][1]\" spellcheck=\"false\" required><\/div><div id=\"wpforms-17616-field_2-container\" class=\"wpforms-field wpforms-field-textarea\" data-field-id=\"2\"><label class=\"wpforms-field-label\" for=\"wpforms-17616-field_2\">Message <span class=\"wpforms-required-label\">*<\/span><\/label><textarea id=\"wpforms-17616-field_2\" class=\"wpforms-field-medium wpforms-field-required\" name=\"wpforms[fields][2]\" required><\/textarea><\/div><\/div><!-- .wpforms-field-container --><div class=\"wpforms-recaptcha-container wpforms-is-recaptcha wpforms-is-recaptcha-type-v3\" ><input type=\"hidden\" name=\"wpforms[recaptcha]\" value=\"\"><\/div><div class=\"wpforms-submit-container\" ><input type=\"hidden\" name=\"wpforms[id]\" value=\"17616\"><input type=\"hidden\" name=\"page_title\" value=\"\"><input type=\"hidden\" name=\"page_url\" value=\"https:\/\/www.mediagenic.ch\/de\/wp-json\/wp\/v2\/pages\/16636\"><input type=\"hidden\" name=\"url_referer\" value=\"\"><button type=\"submit\" name=\"wpforms[submit]\" id=\"wpforms-submit-17616\" class=\"wpforms-submit\" data-alt-text=\"Envoi...\" data-submit-text=\"Envoyer\" aria-live=\"assertive\" value=\"wpforms-submit\">Envoyer<\/button><\/div><\/form><\/div>  <!-- .wpforms-container -->\n\n\t\t<\/div>\n\t\t\t\t\t<\/div>\n\n\t\n\n\n<style>\n#row-704730915 > .col > .col-inner {\n  padding: 0px 30px 0px 30px;\n}\n<\/style>\n<\/div>\n\n\t\t<\/div>\n\t\t\t\t\t<\/div>\n\n\t\n\n\n<style>\n#row-321602246 > .col > .col-inner {\n  padding: 0px 30px 0px 30px;\n}\n<\/style>\n<\/div>\n\n\t\t<\/div>\n\n\t\t\n<style>\n#section_693279248 {\n  padding-top: 60px;\n  padding-bottom: 60px;\n}\n#section_693279248 .ux-shape-divider--top svg {\n  height: 150px;\n  --divider-top-width: 100%;\n}\n#section_693279248 .ux-shape-divider--bottom svg {\n  height: 150px;\n  --divider-width: 100%;\n}\n<\/style>\n\t<\/section>\n\t\n\n","protected":false},"excerpt":{"rendered":"","protected":false},"author":2,"featured_media":0,"parent":0,"menu_order":0,"comment_status":"closed","ping_status":"closed","template":"page-blank.php","meta":{"footnotes":""},"class_list":["post-16636","page","type-page","status-publish","hentry"],"_links":{"self":[{"href":"https:\/\/www.mediagenic.ch\/de\/wp-json\/wp\/v2\/pages\/16636","targetHints":{"allow":["GET"]}}],"collection":[{"href":"https:\/\/www.mediagenic.ch\/de\/wp-json\/wp\/v2\/pages"}],"about":[{"href":"https:\/\/www.mediagenic.ch\/de\/wp-json\/wp\/v2\/types\/page"}],"author":[{"embeddable":true,"href":"https:\/\/www.mediagenic.ch\/de\/wp-json\/wp\/v2\/users\/2"}],"replies":[{"embeddable":true,"href":"https:\/\/www.mediagenic.ch\/de\/wp-json\/wp\/v2\/comments?post=16636"}],"version-history":[{"count":0,"href":"https:\/\/www.mediagenic.ch\/de\/wp-json\/wp\/v2\/pages\/16636\/revisions"}],"wp:attachment":[{"href":"https:\/\/www.mediagenic.ch\/de\/wp-json\/wp\/v2\/media?parent=16636"}],"curies":[{"name":"wp","href":"https:\/\/api.w.org\/{rel}","templated":true}]}}