{"id":21480,"date":"2022-09-18T19:06:48","date_gmt":"2022-09-18T17:06:48","guid":{"rendered":"https:\/\/preproduction.mediagenic.ch\/audit\/"},"modified":"2024-03-21T23:09:01","modified_gmt":"2024-03-21T22:09:01","slug":"audit","status":"publish","type":"page","link":"https:\/\/www.mediagenic.ch\/de\/audit\/","title":{"rendered":"Audit"},"content":{"rendered":"\n\n  <div class=\"banner has-hover\" id=\"banner-1797767792\">\n          <div class=\"banner-inner fill\">\n        <div class=\"banner-bg fill\" >\n            <div class=\"bg fill bg-fill \"><\/div>\n                        <div class=\"overlay\"><\/div>            \n                    <\/div>\n\t\t\n        <div class=\"banner-layers container\">\n            <div class=\"fill banner-link\"><\/div>            \n\n   <div id=\"text-box-399327880\" class=\"text-box banner-layer x50 md-x50 lg-x50 y50 md-y50 lg-y50 res-text\">\n                                <div class=\"text-box-content text dark\">\n              \n              <div class=\"text-inner text-center\">\n                  \n\n<h1 class=\"uppercase\">IHR KOSTENLOSES MEDIENAUDIT<\/h1>\n<p>Ein Medienaudit bewertet die Wirksamkeit Ihrer Kommunikations- und Werbekampagnen. Wir untersuchen vergangene und aktuelle Kommunikationsbem\u00fchungen und Medienpl\u00e4ne, um ihre Auswirkungen auf die Markenbekanntheit, die Angemessenheit der Wahl der Kommunikationskan\u00e4le, die Preisgestaltung beim Medienkauf und damit die Rentabilit\u00e4t (ROI) Ihrer Investitionen zu ermitteln.<br>Er hilft dabei, Verbesserungsm\u00f6glichkeiten zu identifizieren und strategische Empfehlungen zur Optimierung der Kommunikationsbem\u00fchungen zu formulieren.<\/p>\n<p>MEDIAGENIC bietet Ihnen ein kostenloses Audit Ihrer Aktivit\u00e4ten und Pl\u00e4ne an.<\/p>\n\n              <\/div>\n           <\/div>\n                            \n<style>\n#text-box-399327880 {\n  width: 96%;\n}\n#text-box-399327880 .text-box-content {\n  font-size: 100%;\n}\n@media (min-width:550px) {\n  #text-box-399327880 {\n    width: 60%;\n  }\n}\n<\/style>\n    <\/div>\n \n\n        <\/div>\n      <\/div>\n\n            \n<style>\n#banner-1797767792 {\n  padding-top: 550px;\n}\n#banner-1797767792 .bg.bg-loaded {\n  background-image: 18635;\n}\n#banner-1797767792 .overlay {\n  background-color: rgb(0, 74, 173);\n}\n#banner-1797767792 .ux-shape-divider--top svg {\n  height: 150px;\n  --divider-top-width: 100%;\n}\n#banner-1797767792 .ux-shape-divider--bottom svg {\n  height: 150px;\n  --divider-width: 100%;\n}\n<\/style>\n  <\/div>\n\n\n\t<section class=\"section\" id=\"section_789883197\">\n\t\t<div class=\"bg section-bg fill bg-fill  bg-loaded\" >\n\n\t\t\t\n\t\t\t<div class=\"section-bg-overlay absolute fill\"><\/div>\n\t\t\t\n\t<div class=\"is-border\"\n\t\tstyle=\"border-width:1px 0px 1px 0px;\">\n\t<\/div>\n\n\t\t<\/div>\n\n\t\t\n\n\t\t<div class=\"section-content relative\">\n\t\t\t\n\n<div class=\"row\"  id=\"row-1511494529\">\n\n\n\t<div id=\"col-1412134289\" class=\"col small-12 large-12\"  >\n\t\t\t\t<div class=\"col-inner\"  >\n\t\t\t\n\t\t\t\n\n<h2 style=\"text-align: center;\">Antrag auf ein kostenloses Audit<\/h2>\n<div class=\"elementor-element elementor-element-3c750a2 elementor-widget elementor-widget-text-editor\" data-id=\"3c750a2\" data-element_type=\"widget\" data-widget_type=\"text-editor.default\">\n<div class=\"elementor-widget-container\">\n<div class=\"elementor-text-editor elementor-clearfix\" style=\"text-align: center;\">Entdecken Sie das Potenzial Ihrer Medienpr\u00e4senz mit wenigen Klicks!<\/div>\n<div class=\"elementor-text-editor elementor-clearfix\" style=\"text-align: center;\">Profitieren Sie jetzt von einem kostenlosen Medienaudit. Bewerten Sie die Leistung Ihrer Kommunikationsstrategien, analysieren Sie Ihre Medienberichterstattung und ermitteln Sie Verbesserungsm\u00f6glichkeiten. Maximieren Sie Ihre Sichtbarkeit und erreichen Sie Ihre Ziele mit unserer Expertise.<\/div>\n<div class=\"elementor-text-editor elementor-clearfix\" style=\"text-align: center;\">Lassen Sie sich diese einmalige Chance nicht entgehen, fordern Sie noch heute Ihr kostenloses Medienaudit an!<\/div>\n<\/div>\n<\/div>\n<div class=\"wpforms-container wpforms-container-full\" id=\"wpforms-18020\"><form id=\"wpforms-form-18020\" class=\"wpforms-validate wpforms-form wpforms-ajax-form\" data-formid=\"18020\" method=\"post\" enctype=\"multipart\/form-data\" action=\"\/de\/wp-json\/wp\/v2\/pages\/21480\" data-token=\"5ee11de888aec378f4512b1f2673d882\" data-token-time=\"1777528165\"><noscript class=\"wpforms-error-noscript\">Bitte aktiviere JavaScript in deinem Browser, um dieses Formular fertigzustellen.<\/noscript><div class=\"wpforms-field-container\"><div id=\"wpforms-18020-field_0-container\" class=\"wpforms-field wpforms-field-name\" data-field-id=\"0\"><label class=\"wpforms-field-label\">Pr\u00e9nom \/ Nom <span class=\"wpforms-required-label\">*<\/span><\/label><div class=\"wpforms-field-row wpforms-field-medium\"><div class=\"wpforms-field-row-block wpforms-first wpforms-one-half\"><input type=\"text\" id=\"wpforms-18020-field_0\" class=\"wpforms-field-name-first wpforms-field-required\" name=\"wpforms[fields][0][first]\" required><label for=\"wpforms-18020-field_0\" class=\"wpforms-field-sublabel after\">Vorname<\/label><\/div><div class=\"wpforms-field-row-block wpforms-one-half\"><input type=\"text\" id=\"wpforms-18020-field_0-last\" class=\"wpforms-field-name-last wpforms-field-required\" name=\"wpforms[fields][0][last]\" required><label for=\"wpforms-18020-field_0-last\" class=\"wpforms-field-sublabel after\">Nachname<\/label><\/div><\/div><\/div><div id=\"wpforms-18020-field_21-container\" class=\"wpforms-field wpforms-field-text\" data-field-id=\"21\"><label class=\"wpforms-field-label\" for=\"wpforms-18020-field_21\">T\u00e9l\u00e9phone <span class=\"wpforms-required-label\">*<\/span><\/label><input type=\"text\" id=\"wpforms-18020-field_21\" class=\"wpforms-field-medium wpforms-field-required\" name=\"wpforms[fields][21]\" required><\/div><div id=\"wpforms-18020-field_1-container\" class=\"wpforms-field wpforms-field-email\" data-field-id=\"1\"><label class=\"wpforms-field-label\" for=\"wpforms-18020-field_1\">E-mail <span class=\"wpforms-required-label\">*<\/span><\/label><input type=\"email\" id=\"wpforms-18020-field_1\" class=\"wpforms-field-medium wpforms-field-required\" name=\"wpforms[fields][1]\" spellcheck=\"false\" required><\/div><div id=\"wpforms-18020-field_3-container\" class=\"wpforms-field wpforms-field-text\" data-field-id=\"3\"><label class=\"wpforms-field-label\" for=\"wpforms-18020-field_3\">Quel est le nom de votre entreprise\/organisation ?<\/label><input type=\"text\" id=\"wpforms-18020-field_3\" class=\"wpforms-field-medium\" name=\"wpforms[fields][3]\" ><\/div><div id=\"wpforms-18020-field_2-container\" class=\"wpforms-field wpforms-field-textarea\" data-field-id=\"2\"><label class=\"wpforms-field-label\" for=\"wpforms-18020-field_2\">Commentaire ou message<\/label><textarea id=\"wpforms-18020-field_2\" class=\"wpforms-field-medium\" name=\"wpforms[fields][2]\" ><\/textarea><\/div><div id=\"wpforms-18020-field_22-container\" class=\"wpforms-field wpforms-field-checkbox\" data-field-id=\"22\"><label class=\"wpforms-field-label\">Merci de cocher votre choix <span class=\"wpforms-required-label\">*<\/span><\/label><ul id=\"wpforms-18020-field_22\" class=\"wpforms-field-required\"><li class=\"choice-1 depth-1\"><input type=\"checkbox\" id=\"wpforms-18020-field_22_1\" name=\"wpforms[fields][22][]\" value=\"Je souhaite \u00eatre contact\u00e9 pour un audit m\u00e9dia gratuit\" required ><label class=\"wpforms-field-label-inline\" for=\"wpforms-18020-field_22_1\">Je souhaite \u00eatre contact\u00e9 pour un audit m\u00e9dia gratuit<\/label><\/li><li class=\"choice-2 depth-1\"><input type=\"checkbox\" id=\"wpforms-18020-field_22_2\" name=\"wpforms[fields][22][]\" value=\"Je souhaite \u00eatre contact\u00e9 pour un rendez-vous\" required ><label class=\"wpforms-field-label-inline\" for=\"wpforms-18020-field_22_2\">Je souhaite \u00eatre contact\u00e9 pour un rendez-vous<\/label><\/li><\/ul><\/div><\/div><!-- .wpforms-field-container --><div class=\"wpforms-recaptcha-container wpforms-is-recaptcha wpforms-is-recaptcha-type-v3\" ><input type=\"hidden\" name=\"wpforms[recaptcha]\" value=\"\"><\/div><div class=\"wpforms-submit-container\" ><input type=\"hidden\" name=\"wpforms[id]\" value=\"18020\"><input type=\"hidden\" name=\"page_title\" value=\"\"><input type=\"hidden\" name=\"page_url\" value=\"https:\/\/www.mediagenic.ch\/de\/wp-json\/wp\/v2\/pages\/21480\"><input type=\"hidden\" name=\"url_referer\" value=\"\"><button type=\"submit\" name=\"wpforms[submit]\" id=\"wpforms-submit-18020\" class=\"wpforms-submit\" data-alt-text=\"Envoi...\" data-submit-text=\"Envoyer\" aria-live=\"assertive\" value=\"wpforms-submit\">Envoyer<\/button><img loading=\"lazy\" decoding=\"async\" src=\"https:\/\/www.mediagenic.ch\/wp-content\/plugins\/wpforms-lite\/assets\/images\/submit-spin.svg\" class=\"wpforms-submit-spinner\" style=\"display: none;\" width=\"26\" height=\"26\" alt=\"Wird geladen\"><\/div><\/form><\/div>  <!-- .wpforms-container -->\n\n\t\t<\/div>\n\t\t\t\t\t<\/div>\n\n\t\n\n<\/div>\n\n\t\t<\/div>\n\n\t\t\n<style>\n#section_789883197 {\n  padding-top: 60px;\n  padding-bottom: 60px;\n  background-color: rgb(193, 193, 193);\n}\n#section_789883197 .section-bg-overlay {\n  background-color: rgba(255, 255, 255, 0.85);\n}\n#section_789883197 .ux-shape-divider--top svg {\n  height: 150px;\n  --divider-top-width: 100%;\n}\n#section_789883197 .ux-shape-divider--bottom svg {\n  height: 150px;\n  --divider-width: 100%;\n}\n<\/style>\n\t<\/section>\n\t\n\n","protected":false},"excerpt":{"rendered":"","protected":false},"author":2,"featured_media":0,"parent":0,"menu_order":0,"comment_status":"closed","ping_status":"closed","template":"page-blank.php","meta":{"footnotes":""},"class_list":["post-21480","page","type-page","status-publish","hentry"],"_links":{"self":[{"href":"https:\/\/www.mediagenic.ch\/de\/wp-json\/wp\/v2\/pages\/21480","targetHints":{"allow":["GET"]}}],"collection":[{"href":"https:\/\/www.mediagenic.ch\/de\/wp-json\/wp\/v2\/pages"}],"about":[{"href":"https:\/\/www.mediagenic.ch\/de\/wp-json\/wp\/v2\/types\/page"}],"author":[{"embeddable":true,"href":"https:\/\/www.mediagenic.ch\/de\/wp-json\/wp\/v2\/users\/2"}],"replies":[{"embeddable":true,"href":"https:\/\/www.mediagenic.ch\/de\/wp-json\/wp\/v2\/comments?post=21480"}],"version-history":[{"count":0,"href":"https:\/\/www.mediagenic.ch\/de\/wp-json\/wp\/v2\/pages\/21480\/revisions"}],"wp:attachment":[{"href":"https:\/\/www.mediagenic.ch\/de\/wp-json\/wp\/v2\/media?parent=21480"}],"curies":[{"name":"wp","href":"https:\/\/api.w.org\/{rel}","templated":true}]}}