{"id":16559,"date":"2016-10-23T14:53:03","date_gmt":"2016-10-23T12:53:03","guid":{"rendered":"http:\/\/preproduction.mediagenic.ch\/mediagenic\/"},"modified":"2024-09-09T10:21:45","modified_gmt":"2024-09-09T08:21:45","slug":"mediagenic","status":"publish","type":"page","link":"https:\/\/www.mediagenic.ch\/en\/mediagenic\/","title":{"rendered":"Mediagenic"},"content":{"rendered":"\n<div class=\"row row-collapse row-full-width align-middle align-center\"  id=\"row-752591222\">\n\n\n\t<div id=\"col-90657592\" class=\"col medium-6 small-12 large-6\"  data-animate=\"fadeInLeft\">\n\t\t\t\t<div class=\"col-inner\"  >\n\t\t\t\n\t\t\t\n\n<h1><span style=\"font-size: 180%;\">Mediagenic  <\/span><\/h1>\n<blockquote>\n<p><span style=\"font-size: 110%;\">Have qualities or characteristics that are particularly attractive or appealing when presented in the media.<\/span><\/p>\n<\/blockquote>\n\n\t\t<\/div>\n\t\t\t\t\n<style>\n#col-90657592 > .col-inner {\n  padding: 60px 60px 60px 60px;\n}\n<\/style>\n\t<\/div>\n\n\t\n\n\t<div id=\"col-582220130\" class=\"col medium-6 small-12 large-6\"  >\n\t\t\t\t<div class=\"col-inner\"  >\n\t\t\t\n\t\t\t\n\n\t<div class=\"img has-hover x md-x lg-x y md-y lg-y\" id=\"image_1840276002\">\n\t\t\t\t\t\t\t\t<div class=\"img-inner image-cover dark\" style=\"padding-top:100%;\">\n\t\t\t<img loading=\"lazy\" decoding=\"async\" width=\"1079\" height=\"812\" src=\"https:\/\/www.mediagenic.ch\/wp-content\/uploads\/2023\/07\/Element-2nur-logo.png\" class=\"attachment-original size-original\" alt=\"Image de plusieurs cha\u00eenes de t\u00e9l\u00e9vision diffus\u00e9es en m\u00eame temps pour illustrer la publicit\u00e9 TV et l&#039;accompagnement de l&#039;agence m\u00e9dia Mediagenic\" srcset=\"https:\/\/www.mediagenic.ch\/wp-content\/uploads\/2023\/07\/Element-2nur-logo.png 1079w, https:\/\/www.mediagenic.ch\/wp-content\/uploads\/2023\/07\/Element-2nur-logo-300x226.png 300w, https:\/\/www.mediagenic.ch\/wp-content\/uploads\/2023\/07\/Element-2nur-logo-1030x775.png 1030w, https:\/\/www.mediagenic.ch\/wp-content\/uploads\/2023\/07\/Element-2nur-logo-768x578.png 768w\" sizes=\"auto, (max-width: 1079px) 100vw, 1079px\" \/>\t\t\t\t\t\t\n\t\t\t\t\t<\/div>\n\t\t\t\t\t\t\t\t\n<style>\n#image_1840276002 {\n  width: 100%;\n}\n<\/style>\n\t<\/div>\n\t\n\n\n\t\t<\/div>\n\t\t\t\t\n<style>\n#col-582220130 > .col-inner {\n  padding: 0 0px 0px 0px;\n  margin: 0 0px 0px 0px;\n}\n<\/style>\n\t<\/div>\n\n\t\n\n<\/div>\n\t<section class=\"section dark\" id=\"section_2084593360\">\n\t\t<div class=\"bg section-bg fill bg-fill  \" >\n\n\t\t\t\n\t\t\t<div class=\"section-bg-overlay absolute fill\"><\/div>\n\t\t\t\n\n\t\t<\/div>\n\n\t\t\n\n\t\t<div class=\"section-content relative\">\n\t\t\t\n\n<div class=\"row row-small align-middle align-center\"  id=\"row-771731159\">\n\n\n\t<div id=\"col-1259252566\" class=\"col small-12 large-12\"  >\n\t\t\t\t<div class=\"col-inner\"  >\n\t\t\t\n\t\t\t\n\n<h2>The media strategy agency that amplifies brand awareness!<\/h2>\n<p>Our brand promise is centered on the commitment to make your business visible. We understand that visibility is crucial to success in today&#8217;s competitive marketplace. We&#8217;re committed to using our expertise, resources and innovative strategies to make sure your business stands out and gets the attention it deserves.<\/p>\n<p>Thanks to our global approach, we strive to improve your brand&#8217;s visibility on a variety of traditional and digital media channels. We draw on our knowledge of marketing, advertising, public relations and communications to design impactful campaigns tailored to your business objectives.<\/p>\n<p>Our team of experienced professionals works closely with you to understand your unique vision, target audience and industry. We analyze market trends, conduct in-depth research and develop customized strategies to maximize your company&#8217;s visibility and reach. We combine creativity with data insight to create compelling content and deliver it through the most effective channels, ensuring that your message resonates with your target audience.<\/p>\n<p>We&#8217;re committed to delivering measurable results and helping your business grow and gain recognition. With our brand promise, we assure you that we&#8217;ll go above and beyond to make your business visible, unlock its potential and set it on the road to success.<\/p>\n\n\t\t<\/div>\n\t\t\t\t\n<style>\n#col-1259252566 > .col-inner {\n  padding: 30px 30px 30px 30px;\n}\n<\/style>\n\t<\/div>\n\n\t\n\n<\/div>\n\n\t\t<\/div>\n\n\t\t\n<style>\n#section_2084593360 {\n  padding-top: 30px;\n  padding-bottom: 30px;\n  background-color: #004aad;\n}\n#section_2084593360 .section-bg-overlay {\n  background-color: rgba(0, 74, 173, 0.826);\n}\n#section_2084593360 .section-bg.bg-loaded {\n  background-image: url(https:\/\/www.mediagenic.ch\/wp-content\/uploads\/2023\/06\/Element-1nur-logo.png);\n}\n#section_2084593360 .ux-shape-divider--top svg {\n  height: 150px;\n  --divider-top-width: 100%;\n}\n#section_2084593360 .ux-shape-divider--bottom svg {\n  height: 150px;\n  --divider-width: 100%;\n}\n<\/style>\n\t<\/section>\n\t\n\t<section class=\"section\" id=\"section_32834886\">\n\t\t<div class=\"bg section-bg fill bg-fill  bg-loaded\" >\n\n\t\t\t\n\t\t\t\n\t\t\t\n\n\t\t<\/div>\n\n\t\t\n\n\t\t<div class=\"section-content relative\">\n\t\t\t\n\n<div class=\"row\"  id=\"row-1001972179\">\n\n\n\t<div id=\"col-911757048\" class=\"col small-12 large-12\"  >\n\t\t\t\t<div class=\"col-inner\"  >\n\t\t\t\n\t\t\t\n\n<h2>Branding &amp; digital strategy agency<\/h2>\n\n\t\t<\/div>\n\t\t\t\t\n<style>\n#col-911757048 > .col-inner {\n  padding: 0px 30px 0px 30px;\n}\n<\/style>\n\t<\/div>\n\n\t\n\n\t<div id=\"col-1877162167\" class=\"col medium-6 small-12 large-6\"  >\n\t\t\t\t<div class=\"col-inner\"  >\n\t\t\t\n\t\t\t\n\n<p>MEDIAGENIC is a media consulting agency dedicated to performance, to improve the effectiveness of your campaigns.<\/p>\n<p>Founded in 2008, MEDIAGENIC is an agency specializing in branding and digital strategy for performance. Our team works with your company to develop your brand image by creating a media strategy, implementing it, monitoring and controlling performance, and optimizing the budget for all campaigns on the different channels.<\/p>\n<p>Born out of the meeting of the on- and off-line worlds, our agency has taken on board the impact and challenges of digital marketing with a strong &#8220;results&#8221; culture, essential at a time of audience fragmentation and multi-device.<\/p>\n<p>Thanks to our expertise in optimizing media buying costs, we promote synergy between online and offline media.&nbsp;<\/p>\n<p>Agile media activation for new behaviors<\/p>\n<p>With solid business experience, MEDIAGENIC&#8217;s experts have in-depth knowledge of advertising agencies, communications and marketing, combined with a genuine culture of innovation.<\/p>\n\n\t\t<\/div>\n\t\t\t\t\n<style>\n#col-1877162167 > .col-inner {\n  padding: 0px 30px 0px 30px;\n}\n<\/style>\n\t<\/div>\n\n\t\n\n\t<div id=\"col-441133298\" class=\"col medium-6 small-12 large-6\"  >\n\t\t\t\t<div class=\"col-inner\"  >\n\t\t\t\n\t\t\t\n\n<p>Because companies need to deliver a unique brand identity through a variety of communication levers, our MEDIAGENIC team can help you define your marketing strategy for all your campaigns. We&#8217;re here to help you meet your image, brand awareness and traffic-building challenges, and boost the services you offer. Our fields of expertise are based on the realization of campaigns including the following media&nbsp;:<\/p>\n<ul>\n<li><a href=\"https:\/\/www.mediagenic.ch\/en\/television\/\">TV<\/a><\/li>\n<li><a href=\"https:\/\/www.mediagenic.ch\/en\/services\/press\/\">Press<\/a><\/li>\n<li><a href=\"https:\/\/www.mediagenic.ch\/en\/services\/display\/\">DOOH \/ OOH display (Digital Out-of-Home \/ Out-of-Home)<\/a><\/li>\n<li><a href=\"https:\/\/www.mediagenic.ch\/en\/services\/digital\/\">Online<\/a><\/li>\n<li><a href=\"https:\/\/www.mediagenic.ch\/en\/services\/radio\/\">Radio<\/a><\/li>\n<li><a href=\"https:\/\/www.mediagenic.ch\/en\/services\/cinema\/\">Cinema&nbsp;<\/a><\/li>\n<\/ul>\n<p>All these campaigns can be coupled with a webmarketing strategy adapted to the Internet, with actions on natural referencing to boost your search engine positioning, the creation of specialized content, a web design or ergonomics service to improve the user experience, the development of your presence on social networks and the conception of a social media strategy, etc.<\/p>\n\n\t\t<\/div>\n\t\t\t\t\n<style>\n#col-441133298 > .col-inner {\n  padding: 0px 30px 0px 30px;\n}\n<\/style>\n\t<\/div>\n\n\t\n\n<\/div>\n\n\t\t<\/div>\n\n\t\t\n<style>\n#section_32834886 {\n  padding-top: 60px;\n  padding-bottom: 60px;\n  background-color: rgb(255, 255, 255);\n}\n#section_32834886 .ux-shape-divider--top svg {\n  height: 150px;\n  --divider-top-width: 100%;\n}\n#section_32834886 .ux-shape-divider--bottom svg {\n  height: 150px;\n  --divider-width: 100%;\n}\n<\/style>\n\t<\/section>\n\t\n\t<section class=\"section\" id=\"section_871178285\">\n\t\t<div class=\"bg section-bg fill bg-fill  bg-loaded\" >\n\n\t\t\t\n\t\t\t\n\t\t\t\n\t<div class=\"is-border\"\n\t\tstyle=\"border-width:1px 0px 1px 0px;\">\n\t<\/div>\n\n\t\t<\/div>\n\n\t\t\n\n\t\t<div class=\"section-content relative\">\n\t\t\t\n\n<div class=\"row\"  id=\"row-712863429\">\n\n\n\t<div id=\"col-778920911\" class=\"col medium-6 small-12 large-6\"  >\n\t\t\t\t<div class=\"col-inner\"  >\n\t\t\t\n\t\t\t\n\n<blockquote>\n<p>In an era of relentless digital evolution, a brand not only defines its own identity but is redefined by the medium in which it operates. <br \/>Media today are more than just channels \u2013 they are the echo of our cultural ambitions and the mirror of our collective identity. As we move into the age of digitization, the symbiosis between brand and medium becomes even more intense. <br \/>The future belongs to those who recognize this dynamic relationship and harness it to create messages that are not only heard but also felt.<\/p>\n<\/blockquote>\n\n\t\t<\/div>\n\t\t\t\t\n<style>\n#col-778920911 > .col-inner {\n  padding: 0px 30px 0px 30px;\n}\n<\/style>\n\t<\/div>\n\n\t\n\n\t<div id=\"col-1048130137\" class=\"col medium-5 small-12 large-5\"  >\n\t\t\t\t<div class=\"col-inner text-center\"  >\n\t\t\t\n\t\t\t\n\n    <div class=\"box has-hover has-hover box-text-bottom\" >\n\n                  <div class=\"box-image \" style=\"width:80%;\">\n           <div class=\"box-image-inner image-cover\" style=\"border-radius:100%;padding-top:100%;\">\n              <img loading=\"lazy\" decoding=\"async\" width=\"1235\" height=\"1507\" src=\"https:\/\/www.mediagenic.ch\/wp-content\/uploads\/2023\/07\/Saverio-Progano_IMG_1912.jpg\" class=\"attachment-original size-original\" alt=\"Portrait de Saverio Progano\" srcset=\"https:\/\/www.mediagenic.ch\/wp-content\/uploads\/2023\/07\/Saverio-Progano_IMG_1912.jpg 1235w, https:\/\/www.mediagenic.ch\/wp-content\/uploads\/2023\/07\/Saverio-Progano_IMG_1912-246x300.jpg 246w, https:\/\/www.mediagenic.ch\/wp-content\/uploads\/2023\/07\/Saverio-Progano_IMG_1912-844x1030.jpg 844w, https:\/\/www.mediagenic.ch\/wp-content\/uploads\/2023\/07\/Saverio-Progano_IMG_1912-768x937.jpg 768w\" sizes=\"auto, (max-width: 1235px) 100vw, 1235px\" \/>                         <\/div>\n          <\/div>\n         \n          <div class=\"box-text text-center\" >\n                <div class=\"box-text-inner\">\n                  <h4 class=\"uppercase\">\n                    <span class=\"person-name\">Saverio Progano<\/span><br\/>\n                    <span class=\"person-title is-small thin-font op-7\">\n                      Founder \/ CEO                    <\/span>\n                  <\/h4>\n                 <div class=\"social-icons follow-icons\" ><a href=\"mailto:saverio.progano@mediagenic.ch\" data-label=\"E-mail\" rel=\"nofollow\" class=\"icon button circle is-outline  email tooltip\" title=\"Send us an email\" aria-label=\"Send us an email\"><i class=\"icon-envelop\" ><\/i><\/a><a href=\"tel:+41 79 322 19 67\" target=\"_blank\" data-label=\"Phone\" rel=\"noopener noreferrer nofollow\" class=\"icon button circle is-outline  phone tooltip\" title=\"Call us\" aria-label=\"Call us\"><i class=\"icon-phone\" ><\/i><\/a><\/div>                 \n\n\n                <\/div>\n          <\/div>\n    <\/div>\n\n    \n    \n\n\t\t<\/div>\n\t\t\t\t\n<style>\n#col-1048130137 > .col-inner {\n  padding: 0px 30px 0px 30px;\n}\n<\/style>\n\t<\/div>\n\n\t\n\n<\/div>\n\n\t\t<\/div>\n\n\t\t\n<style>\n#section_871178285 {\n  padding-top: 43px;\n  padding-bottom: 43px;\n  min-height: 276px;\n  background-color: rgb(241, 241, 241);\n}\n#section_871178285 .ux-shape-divider--top svg {\n  height: 150px;\n  --divider-top-width: 100%;\n}\n#section_871178285 .ux-shape-divider--bottom svg {\n  height: 150px;\n  --divider-width: 100%;\n}\n<\/style>\n\t<\/section>\n\t\n\t<section class=\"section\" id=\"section_1783187180\">\n\t\t<div class=\"bg section-bg fill bg-fill  bg-loaded\" >\n\n\t\t\t\n\t\t\t\n\t\t\t\n\n\t\t<\/div>\n\n\t\t\n\n\t\t<div class=\"section-content relative\">\n\t\t\t\n\n<div class=\"row\"  id=\"row-1134995544\">\n\n\n\t<div id=\"col-193453409\" class=\"col small-12 large-12\"  >\n\t\t\t\t<div class=\"col-inner\"  >\n\t\t\t\n\t\t\t\n\n<h2>Optimization through tracking, attribution and measurement of your media campaigns<\/h2>\n\n\t\t<\/div>\n\t\t\t\t\n<style>\n#col-193453409 > .col-inner {\n  padding: 0px 30px 0px 30px;\n}\n<\/style>\n\t<\/div>\n\n\t\n\n\t<div id=\"col-1898901092\" class=\"col medium-6 small-12 large-6\"  >\n\t\t\t\t<div class=\"col-inner\"  >\n\t\t\t\n\t\t\t\n\n<p>By positioning itself at the heart of the various advertising campaigns, MEDIAGENIC supports its customers by providing :<\/p>\n<ul>\n<li>its ability to define and deploy a <a href=\"https:\/\/www.mediagenic.ch\/en\/services\/\">multi-media strategy<\/a> tailored to your identity<\/li>\n<li>knowledge of <a href=\"https:\/\/www.mediagenic.ch\/en\/services\/\">online and offline<\/a> media<\/li>\n<li>technical expertise to create, manage and optimize campaigns<\/li>\n<\/ul>\n<p style=\"font-weight: 400;\">Our approach is designed to be effective and specific to the challenges of each advertiser, always respecting our values of &#8220;Simple, True &amp; Effective&#8221;.<\/p>\n<p style=\"font-weight: 400;\">This promise forms the basis of our principles and gives meaning to our day-to-day actions.<\/p>\n\t<div id=\"gap-1469191785\" class=\"gap-element clearfix\" style=\"display:block; height:auto;\">\n\t\t\n<style>\n#gap-1469191785 {\n  padding-top: 30px;\n}\n<\/style>\n\t<\/div>\n\t\n\n<a href=\"https:\/\/www.mediagenic.ch\/en\/contact\/\" target=\"_self\" class=\"button primary is-outline lowercase\"  >\n    <span>I would like to know more<\/span>\n  <\/a>\n\n\n\n\t\t<\/div>\n\t\t\t\t\n<style>\n#col-1898901092 > .col-inner {\n  padding: 0px 30px 0px 30px;\n}\n<\/style>\n\t<\/div>\n\n\t\n\n\t<div id=\"col-957147030\" class=\"col medium-6 small-12 large-6\"  >\n\t\t\t\t<div class=\"col-inner\"  >\n\t\t\t\n\t\t\t\n\n<div>\n<p>Now media plans can be optimized based on precise indicators.<\/p>\n<\/div>\n<p>It&#8217;s possible to measure the impact of <a href=\"https:\/\/www.mediagenic.ch\/en\/television\/\">TV<\/a> and <a href=\"https:\/\/www.mediagenic.ch\/en\/services\/radio\/\">radio<\/a> media branding campaigns on your <a href=\"https:\/\/www.mediagenic.ch\/en\/services\/digital\/\">website<\/a> audience. In the same way, it&#8217;s possible to attribute sales made at your points of sale to TV or display branding campaigns. By measuring the contribution of each media activation, MEDIAGENIC reduces your expenses and optimizes the ROI of your investments, while developing your company&#8217;s various brands.<\/p>\n<p>The evolution of media buying and its digitalization, the fragmentation of customer journeys and the volumes of data available are creating new communication and service opportunities for advertisers, but also new expectations of their partners:<\/p>\n<ul>\n<li>\n<p>transparency in the systems deployed and the results obtained<\/p>\n<\/li>\n<li>\n<p>optimize performance and investments in all <a href=\"https:\/\/www.mediagenic.ch\/en\/services\/\">On and Off<\/a> levers in place<\/p>\n<\/li>\n<li>\n<p>use of data generated by campaigns<\/p>\n<\/li>\n<li>\n<p>the ability to seize new opportunities and innovate<\/p>\n<\/li>\n<\/ul>\n\n\t\t<\/div>\n\t\t\t\t\n<style>\n#col-957147030 > .col-inner {\n  padding: 0px 30px 0px 30px;\n}\n<\/style>\n\t<\/div>\n\n\t\n\n<\/div>\n\n\t\t<\/div>\n\n\t\t\n<style>\n#section_1783187180 {\n  padding-top: 60px;\n  padding-bottom: 60px;\n  background-color: rgb(255, 255, 255);\n}\n#section_1783187180 .ux-shape-divider--top svg {\n  height: 150px;\n  --divider-top-width: 100%;\n}\n#section_1783187180 .ux-shape-divider--bottom svg {\n  height: 150px;\n  --divider-width: 100%;\n}\n<\/style>\n\t<\/section>\n\t\n\t<section class=\"section\" id=\"section_216093833\">\n\t\t<div class=\"bg section-bg fill bg-fill  bg-loaded\" >\n\n\t\t\t\n\t\t\t\n\t\t\t\n\t<div class=\"is-border\"\n\t\tstyle=\"border-width:1px 0px 1px 0px;\">\n\t<\/div>\n\n\t\t<\/div>\n\n\t\t\n\n\t\t<div class=\"section-content relative\">\n\t\t\t\n\n<div class=\"row align-middle\"  id=\"row-1452455401\">\n\n\n\t<div id=\"col-1507770608\" class=\"col medium-6 small-12 large-6\"  >\n\t\t\t\t<div class=\"col-inner\"  >\n\t\t\t\n\t\t\t\n\n<h2>Why work with us?<\/h2>\n<p>Calling on MEDIAGENIC offers many advantages for companies and brands wishing to build an effective media strategy in today&#8217;s versatile consumer society. Here are just a few of the reasons why working with us is so beneficial:<\/p>\n<div class=\"accordion\" rel=\"\">\n\n<div class=\"accordion-item\"><a href=\"#\" class=\"accordion-title plain\"><button class=\"toggle\" aria-label=\"Toggle\"><i class=\"icon-angle-down\"><\/i><\/button><span>Specialized expertise<\/span><\/a><div class=\"accordion-inner\">\n\n<p>MEDIAGENIC has in-depth expertise in communications and marketing. We have in-depth knowledge of media trends, communication channels and the best strategies and practices for effectively reaching a target audience. Our experience enables us to provide relevant advice tailored to each company&#8217;s specific objectives.<\/p>\n\n<\/div><\/div>\n<div class=\"accordion-item\"><a href=\"#\" class=\"accordion-title plain\"><button class=\"toggle\" aria-label=\"Toggle\"><i class=\"icon-angle-down\"><\/i><\/button><span>In-depth analysis<\/span><\/a><div class=\"accordion-inner\">\n\n<p>MEDIAGENIC carries out an in-depth analysis of the market, the competition and the company&#8217;s target audience. We use specific tools and methodologies to collect and analyze relevant data. This analysis enables us to better understand the media landscape and consumer behavior, and to identify opportunities and challenges specific to the company.<\/p>\n\n<\/div><\/div>\n<div class=\"accordion-item\"><a href=\"#\" class=\"accordion-title plain\"><button class=\"toggle\" aria-label=\"Toggle\"><i class=\"icon-angle-down\"><\/i><\/button><span>Customized strategy<\/span><\/a><div class=\"accordion-inner\">\n\n<p>Depending on the company&#8217;s objectives and needs, MEDIAGNEIC can develop a customized strategy. We take into account the company&#8217;s specific characteristics, its target market, its sector of activity and its available resources. This personalized approach ensures that the media strategy is tailored to the company&#8217;s needs and capabilities.<\/p>\n\n<\/div><\/div>\n<div class=\"accordion-item\"><a href=\"#\" class=\"accordion-title plain\"><button class=\"toggle\" aria-label=\"Toggle\"><i class=\"icon-angle-down\"><\/i><\/button><span>Optimizing resources<\/span><\/a><div class=\"accordion-inner\">\n\n<p>MEDIAGENIC can help you optimize your company&#8217;s resource allocation. We know how to make the most of the allocated budget, by identifying the most relevant and cost-effective channels for achieving communication objectives. This avoids unnecessary expenditure and maximizes return on investment.<\/p>\n\n<\/div><\/div>\n<div class=\"accordion-item\"><a href=\"#\" class=\"accordion-title plain\"><button class=\"toggle\" aria-label=\"Toggle\"><i class=\"icon-angle-down\"><\/i><\/button><span>Monitoring and assessment<\/span><\/a><div class=\"accordion-inner\">\n\n<p>MEDIAGENIC constantly monitors the performance of its media strategy. We carry out regular measurements and analyses to assess the effectiveness of our actions and make any necessary adjustments. This enables us to optimize our strategy in real time and ensure continuous improvement in results.<\/p>\n\n<\/div><\/div>\n\n<\/div>\n\t<div id=\"gap-1025371828\" class=\"gap-element clearfix\" style=\"display:block; height:auto;\">\n\t\t\n<style>\n#gap-1025371828 {\n  padding-top: 40px;\n}\n<\/style>\n\t<\/div>\n\t\n\n<p>When you call on MEDIAGENIC, you get specialized expertise, in-depth analysis, a customized strategy, optimization of resources and rigorous follow-up. These advantages help companies to build a solid media strategy and maximize their impact in a versatile consumer society.<\/p>\n\n\t\t<\/div>\n\t\t\t\t\n<style>\n#col-1507770608 > .col-inner {\n  padding: 30px 30px 30px 30px;\n}\n<\/style>\n\t<\/div>\n\n\t\n\n\t<div id=\"col-225186480\" class=\"col medium-6 small-12 large-6\"  >\n\t\t\t\t<div class=\"col-inner text-center\"  >\n\t\t\t\n\t\t\t\n\n<div class=\"ux-logo has-hover align-middle ux_logo inline-block\" style=\"max-width: 100%!important; width: 335.42168674699px!important\"><div class=\"ux-logo-link block image-\" title=\"\"  href=\"\" style=\"padding: 15px;\"><img decoding=\"async\" src=\"https:\/\/www.mediagenic.ch\/wp-content\/uploads\/2023\/05\/mediagene_s.png\" title=\"\" alt=\"\" class=\"ux-logo-image block\" style=\"height:50px;\" \/><\/div><\/div>\n\n\t<div id=\"gap-996400685\" class=\"gap-element clearfix\" style=\"display:block; height:auto;\">\n\t\t\n<style>\n#gap-996400685 {\n  padding-top: 30px;\n}\n<\/style>\n\t<\/div>\n\t\n\n<p>&nbsp;<\/p>\n<h3>Business experience<\/h3>\n<p>Knowledge of the r\u00e9gies \/ Purchasing consistency<\/p>\n<h3>A partner for your business<\/h3>\n<p>A ROI agency with expertise in media strategies<\/p>\n<h3>A unique methodology<\/h3>\n<p>A free audit of your media plan:  <br \/>identifying optimization levers<\/p>\n<h3>100% independent<\/h3>\n<p>100% transparency in your media buying<\/p>\n\t<div id=\"gap-1547943094\" class=\"gap-element clearfix\" style=\"display:block; height:auto;\">\n\t\t\n<style>\n#gap-1547943094 {\n  padding-top: 100px;\n}\n<\/style>\n\t<\/div>\n\t\n\n<a href=\"https:\/\/www.mediagenic.ch\/en\/contact\/\" target=\"_self\" class=\"button primary is-outline lowercase\"  >\n    <span>I would like to contact you<\/span>\n  <\/a>\n\n\n\n\t\t<\/div>\n\t\t\t\t\t<\/div>\n\n\t\n\n<\/div>\n\n\t\t<\/div>\n\n\t\t\n<style>\n#section_216093833 {\n  padding-top: 43px;\n  padding-bottom: 43px;\n  min-height: 276px;\n  background-color: rgb(255,255,255);\n}\n#section_216093833 .ux-shape-divider--top svg {\n  height: 150px;\n  --divider-top-width: 100%;\n}\n#section_216093833 .ux-shape-divider--bottom svg {\n  height: 150px;\n  --divider-width: 100%;\n}\n<\/style>\n\t<\/section>\n\t\n\n","protected":false},"excerpt":{"rendered":"","protected":false},"author":2,"featured_media":0,"parent":0,"menu_order":0,"comment_status":"closed","ping_status":"closed","template":"page-blank.php","meta":{"footnotes":""},"class_list":["post-16559","page","type-page","status-publish","hentry"],"_links":{"self":[{"href":"https:\/\/www.mediagenic.ch\/en\/wp-json\/wp\/v2\/pages\/16559","targetHints":{"allow":["GET"]}}],"collection":[{"href":"https:\/\/www.mediagenic.ch\/en\/wp-json\/wp\/v2\/pages"}],"about":[{"href":"https:\/\/www.mediagenic.ch\/en\/wp-json\/wp\/v2\/types\/page"}],"author":[{"embeddable":true,"href":"https:\/\/www.mediagenic.ch\/en\/wp-json\/wp\/v2\/users\/2"}],"replies":[{"embeddable":true,"href":"https:\/\/www.mediagenic.ch\/en\/wp-json\/wp\/v2\/comments?post=16559"}],"version-history":[{"count":1,"href":"https:\/\/www.mediagenic.ch\/en\/wp-json\/wp\/v2\/pages\/16559\/revisions"}],"predecessor-version":[{"id":25089,"href":"https:\/\/www.mediagenic.ch\/en\/wp-json\/wp\/v2\/pages\/16559\/revisions\/25089"}],"wp:attachment":[{"href":"https:\/\/www.mediagenic.ch\/en\/wp-json\/wp\/v2\/media?parent=16559"}],"curies":[{"name":"wp","href":"https:\/\/api.w.org\/{rel}","templated":true}]}}