{"id":21420,"date":"2022-09-18T19:06:48","date_gmt":"2022-09-18T17:06:48","guid":{"rendered":"https:\/\/preproduction.mediagenic.ch\/audit\/"},"modified":"2024-03-21T23:09:01","modified_gmt":"2024-03-21T22:09:01","slug":"audit","status":"publish","type":"page","link":"https:\/\/www.mediagenic.ch\/it\/audit\/","title":{"rendered":"Audit"},"content":{"rendered":"\n\n  <div class=\"banner has-hover\" id=\"banner-1851119515\">\n          <div class=\"banner-inner fill\">\n        <div class=\"banner-bg fill\" >\n            <div class=\"bg fill bg-fill \"><\/div>\n                        <div class=\"overlay\"><\/div>            \n                    <\/div>\n\t\t\n        <div class=\"banner-layers container\">\n            <div class=\"fill banner-link\"><\/div>            \n\n   <div id=\"text-box-874795470\" class=\"text-box banner-layer x50 md-x50 lg-x50 y50 md-y50 lg-y50 res-text\">\n                                <div class=\"text-box-content text dark\">\n              \n              <div class=\"text-inner text-center\">\n                  \n\n<h1 class=\"uppercase\">IL VOSTRO AUDIT MEDIATICO GRATUITO<\/h1>\n<p>Un media audit vi permette di valutare l&#8217;efficacia delle vostre campagne di comunicazione e pubblicit\u00e0. Esaminiamo gli sforzi di comunicazione e i piani media passati e attuali per determinare il loro impatto sulla consapevolezza del marchio, l&#8217;adeguatezza della scelta dei canali di comunicazione, il prezzo dell&#8217;acquisto dei media e quindi la redditivit\u00e0 (ROI) dei vostri investimenti.<br>Aiuta a identificare le opportunit\u00e0 di miglioramento e a formulare raccomandazioni strategiche per ottimizzare gli sforzi di comunicazione.<\/p>\n<p>MEDIAGENIC vi offre un audit gratuito delle vostre attivit\u00e0 e dei vostri piani.<\/p>\n\n              <\/div>\n           <\/div>\n                            \n<style>\n#text-box-874795470 {\n  width: 96%;\n}\n#text-box-874795470 .text-box-content {\n  font-size: 100%;\n}\n@media (min-width:550px) {\n  #text-box-874795470 {\n    width: 60%;\n  }\n}\n<\/style>\n    <\/div>\n \n\n        <\/div>\n      <\/div>\n\n            \n<style>\n#banner-1851119515 {\n  padding-top: 550px;\n}\n#banner-1851119515 .bg.bg-loaded {\n  background-image: 18635;\n}\n#banner-1851119515 .overlay {\n  background-color: rgb(0, 74, 173);\n}\n#banner-1851119515 .ux-shape-divider--top svg {\n  height: 150px;\n  --divider-top-width: 100%;\n}\n#banner-1851119515 .ux-shape-divider--bottom svg {\n  height: 150px;\n  --divider-width: 100%;\n}\n<\/style>\n  <\/div>\n\n\n\t<section class=\"section\" id=\"section_1619511193\">\n\t\t<div class=\"bg section-bg fill bg-fill  bg-loaded\" >\n\n\t\t\t\n\t\t\t<div class=\"section-bg-overlay absolute fill\"><\/div>\n\t\t\t\n\t<div class=\"is-border\"\n\t\tstyle=\"border-width:1px 0px 1px 0px;\">\n\t<\/div>\n\n\t\t<\/div>\n\n\t\t\n\n\t\t<div class=\"section-content relative\">\n\t\t\t\n\n<div class=\"row\"  id=\"row-2125517024\">\n\n\n\t<div id=\"col-1119940205\" class=\"col small-12 large-12\"  >\n\t\t\t\t<div class=\"col-inner\"  >\n\t\t\t\n\t\t\t\n\n<h2 style=\"text-align: center;\">Richiedi un audit gratuito<\/h2>\n<div class=\"elementor-element elementor-element-3c750a2 elementor-widget elementor-widget-text-editor\" data-id=\"3c750a2\" data-element_type=\"widget\" data-widget_type=\"text-editor.default\">\n<div class=\"elementor-widget-container\">\n<div class=\"elementor-text-editor elementor-clearfix\" style=\"text-align: center;\">Scoprite il potenziale della vostra presenza sui media in pochi clic!<\/div>\n<div class=\"elementor-text-editor elementor-clearfix\" style=\"text-align: center;\">Approfittate subito di una verifica gratuita dei media. Valutare le prestazioni delle vostre strategie di comunicazione, analizzare la copertura mediatica e identificare le opportunit\u00e0 di miglioramento. Massimizzate la vostra visibilit\u00e0 e raggiungete i vostri obiettivi con la nostra esperienza.<\/div>\n<div class=\"elementor-text-editor elementor-clearfix\" style=\"text-align: center;\">Non perdete questa opportunit\u00e0 unica, richiedete oggi stesso il vostro media audit gratuito!<\/div>\n<\/div>\n<\/div>\n<div class=\"wpforms-container wpforms-container-full\" id=\"wpforms-18020\"><form id=\"wpforms-form-18020\" class=\"wpforms-validate wpforms-form wpforms-ajax-form\" data-formid=\"18020\" method=\"post\" enctype=\"multipart\/form-data\" action=\"\/it\/wp-json\/wp\/v2\/pages\/21420\" data-token=\"5ee11de888aec378f4512b1f2673d882\" data-token-time=\"1777532798\"><noscript class=\"wpforms-error-noscript\">Abilita JavaScript nel browser per completare questo modulo.<\/noscript><div class=\"wpforms-field-container\"><div id=\"wpforms-18020-field_0-container\" class=\"wpforms-field wpforms-field-name\" data-field-id=\"0\"><label class=\"wpforms-field-label\">Pr\u00e9nom \/ Nom <span class=\"wpforms-required-label\">*<\/span><\/label><div class=\"wpforms-field-row wpforms-field-medium\"><div class=\"wpforms-field-row-block wpforms-first wpforms-one-half\"><input type=\"text\" id=\"wpforms-18020-field_0\" class=\"wpforms-field-name-first wpforms-field-required\" name=\"wpforms[fields][0][first]\" required><label for=\"wpforms-18020-field_0\" class=\"wpforms-field-sublabel after\">Nome<\/label><\/div><div class=\"wpforms-field-row-block wpforms-one-half\"><input type=\"text\" id=\"wpforms-18020-field_0-last\" class=\"wpforms-field-name-last wpforms-field-required\" name=\"wpforms[fields][0][last]\" required><label for=\"wpforms-18020-field_0-last\" class=\"wpforms-field-sublabel after\">Cognome<\/label><\/div><\/div><\/div><div id=\"wpforms-18020-field_21-container\" class=\"wpforms-field wpforms-field-text\" data-field-id=\"21\"><label class=\"wpforms-field-label\" for=\"wpforms-18020-field_21\">T\u00e9l\u00e9phone <span class=\"wpforms-required-label\">*<\/span><\/label><input type=\"text\" id=\"wpforms-18020-field_21\" class=\"wpforms-field-medium wpforms-field-required\" name=\"wpforms[fields][21]\" required><\/div><div id=\"wpforms-18020-field_1-container\" class=\"wpforms-field wpforms-field-email\" data-field-id=\"1\"><label class=\"wpforms-field-label\" for=\"wpforms-18020-field_1\">E-mail <span class=\"wpforms-required-label\">*<\/span><\/label><input type=\"email\" id=\"wpforms-18020-field_1\" class=\"wpforms-field-medium wpforms-field-required\" name=\"wpforms[fields][1]\" spellcheck=\"false\" required><\/div><div id=\"wpforms-18020-field_3-container\" class=\"wpforms-field wpforms-field-text\" data-field-id=\"3\"><label class=\"wpforms-field-label\" for=\"wpforms-18020-field_3\">Quel est le nom de votre entreprise\/organisation ?<\/label><input type=\"text\" id=\"wpforms-18020-field_3\" class=\"wpforms-field-medium\" name=\"wpforms[fields][3]\" ><\/div><div id=\"wpforms-18020-field_2-container\" class=\"wpforms-field wpforms-field-textarea\" data-field-id=\"2\"><label class=\"wpforms-field-label\" for=\"wpforms-18020-field_2\">Commentaire ou message<\/label><textarea id=\"wpforms-18020-field_2\" class=\"wpforms-field-medium\" name=\"wpforms[fields][2]\" ><\/textarea><\/div><div id=\"wpforms-18020-field_22-container\" class=\"wpforms-field wpforms-field-checkbox\" data-field-id=\"22\"><label class=\"wpforms-field-label\">Merci de cocher votre choix <span class=\"wpforms-required-label\">*<\/span><\/label><ul id=\"wpforms-18020-field_22\" class=\"wpforms-field-required\"><li class=\"choice-1 depth-1\"><input type=\"checkbox\" id=\"wpforms-18020-field_22_1\" name=\"wpforms[fields][22][]\" value=\"Je souhaite \u00eatre contact\u00e9 pour un audit m\u00e9dia gratuit\" required ><label class=\"wpforms-field-label-inline\" for=\"wpforms-18020-field_22_1\">Je souhaite \u00eatre contact\u00e9 pour un audit m\u00e9dia gratuit<\/label><\/li><li class=\"choice-2 depth-1\"><input type=\"checkbox\" id=\"wpforms-18020-field_22_2\" name=\"wpforms[fields][22][]\" value=\"Je souhaite \u00eatre contact\u00e9 pour un rendez-vous\" required ><label class=\"wpforms-field-label-inline\" for=\"wpforms-18020-field_22_2\">Je souhaite \u00eatre contact\u00e9 pour un rendez-vous<\/label><\/li><\/ul><\/div><\/div><!-- .wpforms-field-container --><div class=\"wpforms-recaptcha-container wpforms-is-recaptcha wpforms-is-recaptcha-type-v3\" ><input type=\"hidden\" name=\"wpforms[recaptcha]\" value=\"\"><\/div><div class=\"wpforms-submit-container\" ><input type=\"hidden\" name=\"wpforms[id]\" value=\"18020\"><input type=\"hidden\" name=\"page_title\" value=\"\"><input type=\"hidden\" name=\"page_url\" value=\"https:\/\/www.mediagenic.ch\/it\/wp-json\/wp\/v2\/pages\/21420\"><input type=\"hidden\" name=\"url_referer\" value=\"\"><button type=\"submit\" name=\"wpforms[submit]\" id=\"wpforms-submit-18020\" class=\"wpforms-submit\" data-alt-text=\"Envoi...\" data-submit-text=\"Envoyer\" aria-live=\"assertive\" value=\"wpforms-submit\">Envoyer<\/button><img loading=\"lazy\" decoding=\"async\" src=\"https:\/\/www.mediagenic.ch\/wp-content\/plugins\/wpforms-lite\/assets\/images\/submit-spin.svg\" class=\"wpforms-submit-spinner\" style=\"display: none;\" width=\"26\" height=\"26\" alt=\"Caricamento\"><\/div><\/form><\/div>  <!-- .wpforms-container -->\n\n\t\t<\/div>\n\t\t\t\t\t<\/div>\n\n\t\n\n<\/div>\n\n\t\t<\/div>\n\n\t\t\n<style>\n#section_1619511193 {\n  padding-top: 60px;\n  padding-bottom: 60px;\n  background-color: rgb(193, 193, 193);\n}\n#section_1619511193 .section-bg-overlay {\n  background-color: rgba(255, 255, 255, 0.85);\n}\n#section_1619511193 .ux-shape-divider--top svg {\n  height: 150px;\n  --divider-top-width: 100%;\n}\n#section_1619511193 .ux-shape-divider--bottom svg {\n  height: 150px;\n  --divider-width: 100%;\n}\n<\/style>\n\t<\/section>\n\t\n\n","protected":false},"excerpt":{"rendered":"","protected":false},"author":2,"featured_media":0,"parent":0,"menu_order":0,"comment_status":"closed","ping_status":"closed","template":"page-blank.php","meta":{"footnotes":""},"class_list":["post-21420","page","type-page","status-publish","hentry"],"_links":{"self":[{"href":"https:\/\/www.mediagenic.ch\/it\/wp-json\/wp\/v2\/pages\/21420","targetHints":{"allow":["GET"]}}],"collection":[{"href":"https:\/\/www.mediagenic.ch\/it\/wp-json\/wp\/v2\/pages"}],"about":[{"href":"https:\/\/www.mediagenic.ch\/it\/wp-json\/wp\/v2\/types\/page"}],"author":[{"embeddable":true,"href":"https:\/\/www.mediagenic.ch\/it\/wp-json\/wp\/v2\/users\/2"}],"replies":[{"embeddable":true,"href":"https:\/\/www.mediagenic.ch\/it\/wp-json\/wp\/v2\/comments?post=21420"}],"version-history":[{"count":0,"href":"https:\/\/www.mediagenic.ch\/it\/wp-json\/wp\/v2\/pages\/21420\/revisions"}],"wp:attachment":[{"href":"https:\/\/www.mediagenic.ch\/it\/wp-json\/wp\/v2\/media?parent=21420"}],"curies":[{"name":"wp","href":"https:\/\/api.w.org\/{rel}","templated":true}]}}