{"id":21458,"date":"2016-10-23T14:53:03","date_gmt":"2016-10-23T12:53:03","guid":{"rendered":"https:\/\/preproduction.mediagenic.ch\/mediagenic\/"},"modified":"2024-09-09T10:31:14","modified_gmt":"2024-09-09T08:31:14","slug":"mediagenic","status":"publish","type":"page","link":"https:\/\/www.mediagenic.ch\/it\/mediagenic\/","title":{"rendered":"Mediagenic"},"content":{"rendered":"\n<div class=\"row row-collapse row-full-width align-middle align-center\"  id=\"row-1544901977\">\n\n\n\t<div id=\"col-1336958961\" class=\"col medium-6 small-12 large-6\"  data-animate=\"fadeInLeft\">\n\t\t\t\t<div class=\"col-inner\"  >\n\t\t\t\n\t\t\t\n\n<h1><span style=\"font-size: 180%;\">Mediagenic  <\/span><\/h1>\n<blockquote>\n<p><span style=\"font-size: 110%;\">Avere qualit\u00e0 o caratteristiche che sono particolarmente attraenti o attraenti quando vengono presentate dai media.<\/span><\/p>\n<\/blockquote>\n\n\t\t<\/div>\n\t\t\t\t\n<style>\n#col-1336958961 > .col-inner {\n  padding: 60px 60px 60px 60px;\n}\n<\/style>\n\t<\/div>\n\n\t\n\n\t<div id=\"col-1972061616\" class=\"col medium-6 small-12 large-6\"  >\n\t\t\t\t<div class=\"col-inner\"  >\n\t\t\t\n\t\t\t\n\n\t<div class=\"img has-hover x md-x lg-x y md-y lg-y\" id=\"image_451352162\">\n\t\t\t\t\t\t\t\t<div class=\"img-inner image-cover dark\" style=\"padding-top:100%;\">\n\t\t\t<img loading=\"lazy\" decoding=\"async\" width=\"1079\" height=\"812\" src=\"https:\/\/www.mediagenic.ch\/wp-content\/uploads\/2023\/07\/Element-2nur-logo.png\" class=\"attachment-original size-original\" alt=\"Image de plusieurs cha\u00eenes de t\u00e9l\u00e9vision diffus\u00e9es en m\u00eame temps pour illustrer la publicit\u00e9 TV et l&#039;accompagnement de l&#039;agence m\u00e9dia Mediagenic\" srcset=\"https:\/\/www.mediagenic.ch\/wp-content\/uploads\/2023\/07\/Element-2nur-logo.png 1079w, https:\/\/www.mediagenic.ch\/wp-content\/uploads\/2023\/07\/Element-2nur-logo-300x226.png 300w, https:\/\/www.mediagenic.ch\/wp-content\/uploads\/2023\/07\/Element-2nur-logo-1030x775.png 1030w, https:\/\/www.mediagenic.ch\/wp-content\/uploads\/2023\/07\/Element-2nur-logo-768x578.png 768w\" sizes=\"auto, (max-width: 1079px) 100vw, 1079px\" \/>\t\t\t\t\t\t\n\t\t\t\t\t<\/div>\n\t\t\t\t\t\t\t\t\n<style>\n#image_451352162 {\n  width: 100%;\n}\n<\/style>\n\t<\/div>\n\t\n\n\n\t\t<\/div>\n\t\t\t\t\n<style>\n#col-1972061616 > .col-inner {\n  padding: 0 0px 0px 0px;\n  margin: 0 0px 0px 0px;\n}\n<\/style>\n\t<\/div>\n\n\t\n\n<\/div>\n\t<section class=\"section dark\" id=\"section_2113600671\">\n\t\t<div class=\"bg section-bg fill bg-fill  \" >\n\n\t\t\t\n\t\t\t<div class=\"section-bg-overlay absolute fill\"><\/div>\n\t\t\t\n\n\t\t<\/div>\n\n\t\t\n\n\t\t<div class=\"section-content relative\">\n\t\t\t\n\n<div class=\"row row-small align-middle align-center\"  id=\"row-1852710286\">\n\n\n\t<div id=\"col-1432476501\" class=\"col small-12 large-12\"  >\n\t\t\t\t<div class=\"col-inner\"  >\n\t\t\t\n\t\t\t\n\n<h2>L&#8217;agenzia specializzata in strategie mediatiche che aumenta la notoriet\u00e0 del marchio!<\/h2>\n<p>La promessa del nostro marchio \u00e8 incentrata sull&#8217;impegno a rendere visibile la vostra attivit\u00e0. Siamo consapevoli che la visibilit\u00e0 \u00e8 fondamentale per il successo nel mercato competitivo di oggi. Ci impegniamo a utilizzare la nostra esperienza, le nostre risorse e le nostre strategie innovative per garantire che la vostra azienda si distingua e attiri l&#8217;attenzione che merita.<\/p>\n<p>Grazie al nostro approccio globale, cerchiamo di migliorare la visibilit\u00e0 del vostro marchio su diversi canali mediatici, sia tradizionali che digitali. Utilizziamo la nostra conoscenza del marketing, della pubblicit\u00e0, delle relazioni pubbliche e della comunicazione per progettare campagne efficaci e adeguate ai vostri obiettivi aziendali.<\/p>\n<p>Il nostro team di professionisti esperti lavora a stretto contatto con voi per comprendere la vostra visione unica, il vostro pubblico di riferimento e il vostro settore. Analizziamo le tendenze del mercato, conduciamo ricerche approfondite e sviluppiamo strategie personalizzate per massimizzare la visibilit\u00e0 e la portata della vostra azienda. Combiniamo la creativit\u00e0 con l&#8217;intelligenza dei dati per creare contenuti convincenti e distribuirli attraverso i canali pi\u00f9 efficaci, assicurando che il vostro messaggio risuoni con il vostro pubblico di riferimento.<\/p>\n<p>Ci impegniamo a fornire risultati misurabili e ad aiutare la vostra azienda a crescere e ad essere riconosciuta. Con la nostra Brand Promise, vi assicuriamo che andremo oltre per rendere visibile la vostra azienda, sbloccare il suo potenziale e avviarla al successo.<\/p>\n\n\t\t<\/div>\n\t\t\t\t\n<style>\n#col-1432476501 > .col-inner {\n  padding: 30px 30px 30px 30px;\n}\n<\/style>\n\t<\/div>\n\n\t\n\n<\/div>\n\n\t\t<\/div>\n\n\t\t\n<style>\n#section_2113600671 {\n  padding-top: 30px;\n  padding-bottom: 30px;\n  background-color: #004aad;\n}\n#section_2113600671 .section-bg-overlay {\n  background-color: rgba(0, 74, 173, 0.826);\n}\n#section_2113600671 .section-bg.bg-loaded {\n  background-image: url(https:\/\/www.mediagenic.ch\/wp-content\/uploads\/2023\/06\/Element-1nur-logo.png);\n}\n#section_2113600671 .ux-shape-divider--top svg {\n  height: 150px;\n  --divider-top-width: 100%;\n}\n#section_2113600671 .ux-shape-divider--bottom svg {\n  height: 150px;\n  --divider-width: 100%;\n}\n<\/style>\n\t<\/section>\n\t\n\t<section class=\"section\" id=\"section_417889975\">\n\t\t<div class=\"bg section-bg fill bg-fill  bg-loaded\" >\n\n\t\t\t\n\t\t\t\n\t\t\t\n\n\t\t<\/div>\n\n\t\t\n\n\t\t<div class=\"section-content relative\">\n\t\t\t\n\n<div class=\"row\"  id=\"row-811959273\">\n\n\n\t<div id=\"col-1126525724\" class=\"col small-12 large-12\"  >\n\t\t\t\t<div class=\"col-inner\"  >\n\t\t\t\n\t\t\t\n\n<h2>Agenzia di branding e strategia digitale<\/h2>\n\n\t\t<\/div>\n\t\t\t\t\n<style>\n#col-1126525724 > .col-inner {\n  padding: 0px 30px 0px 30px;\n}\n<\/style>\n\t<\/div>\n\n\t\n\n\t<div id=\"col-1209279653\" class=\"col medium-6 small-12 large-6\"  >\n\t\t\t\t<div class=\"col-inner\"  >\n\t\t\t\n\t\t\t\n\n<p>MEDIAGENIC \u00e8 un&#8217;agenzia di consulenza media dedicata alle performance, per rendere pi\u00f9 efficaci le vostre campagne.<\/p>\n<p>Fondata nel 2008, MEDIAGENIC \u00e8 un&#8217;agenzia specializzata in branding e strategia digitale per la performance. Il nostro team lavorer\u00e0 con la vostra azienda per sviluppare l&#8217;immagine del vostro marchio creando una strategia mediatica, implementandola, monitorando e controllando le prestazioni e ottimizzando il budget per tutte le campagne sui vari canali.<\/p>\n<p>La nostra agenzia \u00e8 nata dall&#8217;incontro tra il mondo on line e quello off line e ha recepito l&#8217;impatto e le sfide del marketing digitale con una forte cultura del &#8220;risultato&#8221;, essenziale in questi giorni di pubblico frammentato e di marketing multidispositivo.<\/p>\n<p>Grazie alla nostra esperienza nell&#8217;ottimizzazione dei costi di acquisto dei media, possiamo promuovere la sinergia tra media on e offline.&nbsp;<\/p>\n<p>Attivazione agile dei media per nuovi comportamenti<\/p>\n<p>Grazie alla loro solida esperienza aziendale, gli esperti di MEDIAGENIC hanno una conoscenza approfondita delle agenzie pubblicitarie, della comunicazione e del marketing, unita a un&#8217;autentica cultura dell&#8217;innovazione.<\/p>\n\n\t\t<\/div>\n\t\t\t\t\n<style>\n#col-1209279653 > .col-inner {\n  padding: 0px 30px 0px 30px;\n}\n<\/style>\n\t<\/div>\n\n\t\n\n\t<div id=\"col-1208467642\" class=\"col medium-6 small-12 large-6\"  >\n\t\t\t\t<div class=\"col-inner\"  >\n\t\t\t\n\t\t\t\n\n<p>Poich\u00e9 le aziende devono fornire un&#8217;identit\u00e0 di marca unica attraverso una serie di strumenti di comunicazione, il nostro team MEDIAGENIC pu\u00f2 aiutarvi a definire la strategia di marketing per tutte le vostre campagne. \u00c8 in grado di rispondere alle diverse sfide che dovete affrontare in termini di immagine, brand awareness e generazione di traffico, per potenziare i servizi che offrite. Le nostre aree di competenza si basano su campagne che includono i seguenti media&nbsp;:<\/p>\n<ul>\n<li><a href=\"https:\/\/www.mediagenic.ch\/it\/televisione\/\">TV<\/a><\/li>\n<li><a href=\"https:\/\/www.mediagenic.ch\/it\/la-nostra-esperienza\/stampa\/\">Stampa<\/a><\/li>\n<li><a href=\"https:\/\/www.mediagenic.ch\/it\/la-nostra-esperienza\/display\/\">Display DOOH \/ OOH (Digital Out-of-Home \/ Out-of-Home)<\/a><\/li>\n<li><a href=\"https:\/\/www.mediagenic.ch\/it\/la-nostra-esperienza\/digitale\/\">In linea<\/a><\/li>\n<li><a href=\"https:\/\/www.mediagenic.ch\/it\/la-nostra-esperienza\/radio\/\">Radio<\/a><\/li>\n<li><a href=\"https:\/\/www.mediagenic.ch\/it\/la-nostra-esperienza\/cinema\/\">Cinema&nbsp;<\/a><\/li>\n<\/ul>\n<p>Tutte queste campagne possono essere combinate con una strategia di web marketing su misura per Internet, che comprende il referenziamento naturale per aumentare il posizionamento sui motori di ricerca, la creazione di contenuti specializzati, servizi di web design o di ergonomia per migliorare l&#8217;esperienza dell&#8217;utente, lo sviluppo della vostra presenza sui social network e la concezione di una strategia di social media, ecc.<\/p>\n\n\t\t<\/div>\n\t\t\t\t\n<style>\n#col-1208467642 > .col-inner {\n  padding: 0px 30px 0px 30px;\n}\n<\/style>\n\t<\/div>\n\n\t\n\n<\/div>\n\n\t\t<\/div>\n\n\t\t\n<style>\n#section_417889975 {\n  padding-top: 60px;\n  padding-bottom: 60px;\n  background-color: rgb(255, 255, 255);\n}\n#section_417889975 .ux-shape-divider--top svg {\n  height: 150px;\n  --divider-top-width: 100%;\n}\n#section_417889975 .ux-shape-divider--bottom svg {\n  height: 150px;\n  --divider-width: 100%;\n}\n<\/style>\n\t<\/section>\n\t\n\t<section class=\"section\" id=\"section_1673490348\">\n\t\t<div class=\"bg section-bg fill bg-fill  bg-loaded\" >\n\n\t\t\t\n\t\t\t\n\t\t\t\n\t<div class=\"is-border\"\n\t\tstyle=\"border-width:1px 0px 1px 0px;\">\n\t<\/div>\n\n\t\t<\/div>\n\n\t\t\n\n\t\t<div class=\"section-content relative\">\n\t\t\t\n\n<div class=\"row\"  id=\"row-1400730948\">\n\n\n\t<div id=\"col-2044078069\" class=\"col medium-6 small-12 large-6\"  >\n\t\t\t\t<div class=\"col-inner\"  >\n\t\t\t\n\t\t\t\n\n<blockquote>\n<p>In un&#8217;epoca di costante evoluzione digitale, il marchio non solo definisce la propria identit\u00e0, ma \u00e8 esso stesso ridefinito dai media in cui si evolve.  <br \/>I media di oggi sono molto pi\u00f9 che semplici canali: sono l&#8217;eco delle nostre ambizioni culturali e lo specchio della nostra identit\u00e0 collettiva. Nell&#8217;era digitale, la simbiosi tra marchio e mezzo di comunicazione sta diventando ancora pi\u00f9 intensa.  <br \/>Il futuro appartiene a coloro che riconoscono questa relazione dinamica e la sfruttano per creare messaggi non solo ascoltati, ma anche percepiti.<\/p>\n<\/blockquote>\n\n\t\t<\/div>\n\t\t\t\t\n<style>\n#col-2044078069 > .col-inner {\n  padding: 0px 30px 0px 30px;\n}\n<\/style>\n\t<\/div>\n\n\t\n\n\t<div id=\"col-1237581583\" class=\"col medium-5 small-12 large-5\"  >\n\t\t\t\t<div class=\"col-inner text-center\"  >\n\t\t\t\n\t\t\t\n\n    <div class=\"box has-hover has-hover box-text-bottom\" >\n\n                  <div class=\"box-image \" style=\"width:80%;\">\n           <div class=\"box-image-inner image-cover\" style=\"border-radius:100%;padding-top:100%;\">\n              <img loading=\"lazy\" decoding=\"async\" width=\"1235\" height=\"1507\" src=\"https:\/\/www.mediagenic.ch\/wp-content\/uploads\/2023\/07\/Saverio-Progano_IMG_1912.jpg\" class=\"attachment-original size-original\" alt=\"Portrait de Saverio Progano\" srcset=\"https:\/\/www.mediagenic.ch\/wp-content\/uploads\/2023\/07\/Saverio-Progano_IMG_1912.jpg 1235w, https:\/\/www.mediagenic.ch\/wp-content\/uploads\/2023\/07\/Saverio-Progano_IMG_1912-246x300.jpg 246w, https:\/\/www.mediagenic.ch\/wp-content\/uploads\/2023\/07\/Saverio-Progano_IMG_1912-844x1030.jpg 844w, https:\/\/www.mediagenic.ch\/wp-content\/uploads\/2023\/07\/Saverio-Progano_IMG_1912-768x937.jpg 768w\" sizes=\"auto, (max-width: 1235px) 100vw, 1235px\" \/>                         <\/div>\n          <\/div>\n         \n          <div class=\"box-text text-center\" >\n                <div class=\"box-text-inner\">\n                  <h4 class=\"uppercase\">\n                    <span class=\"person-name\">Saverio Progano<\/span><br\/>\n                    <span class=\"person-title is-small thin-font op-7\">\n                      Fondatore \/ CEO                    <\/span>\n                  <\/h4>\n                 <div class=\"social-icons follow-icons\" ><a href=\"mailto:saverio.progano@mediagenic.ch\" data-label=\"E-mail\" rel=\"nofollow\" class=\"icon button circle is-outline  email tooltip\" title=\"Inviaci un'email\" aria-label=\"Inviaci un&#039;email\"><i class=\"icon-envelop\" ><\/i><\/a><a href=\"tel:+41 79 322 19 67\" target=\"_blank\" data-label=\"Phone\" rel=\"noopener noreferrer nofollow\" class=\"icon button circle is-outline  phone tooltip\" title=\"Call us\" aria-label=\"Call us\"><i class=\"icon-phone\" ><\/i><\/a><\/div>                 \n\n\n                <\/div>\n          <\/div>\n    <\/div>\n\n    \n    \n\n\t\t<\/div>\n\t\t\t\t\n<style>\n#col-1237581583 > .col-inner {\n  padding: 0px 30px 0px 30px;\n}\n<\/style>\n\t<\/div>\n\n\t\n\n<\/div>\n\n\t\t<\/div>\n\n\t\t\n<style>\n#section_1673490348 {\n  padding-top: 43px;\n  padding-bottom: 43px;\n  min-height: 276px;\n  background-color: rgb(241, 241, 241);\n}\n#section_1673490348 .ux-shape-divider--top svg {\n  height: 150px;\n  --divider-top-width: 100%;\n}\n#section_1673490348 .ux-shape-divider--bottom svg {\n  height: 150px;\n  --divider-width: 100%;\n}\n<\/style>\n\t<\/section>\n\t\n\t<section class=\"section\" id=\"section_684395446\">\n\t\t<div class=\"bg section-bg fill bg-fill  bg-loaded\" >\n\n\t\t\t\n\t\t\t\n\t\t\t\n\n\t\t<\/div>\n\n\t\t\n\n\t\t<div class=\"section-content relative\">\n\t\t\t\n\n<div class=\"row\"  id=\"row-1376085949\">\n\n\n\t<div id=\"col-1171025056\" class=\"col small-12 large-12\"  >\n\t\t\t\t<div class=\"col-inner\"  >\n\t\t\t\n\t\t\t\n\n<h2>Ottimizzazione attraverso il monitoraggio, l&#8217;attribuzione e la misurazione delle vostre campagne mediatiche<\/h2>\n\n\t\t<\/div>\n\t\t\t\t\n<style>\n#col-1171025056 > .col-inner {\n  padding: 0px 30px 0px 30px;\n}\n<\/style>\n\t<\/div>\n\n\t\n\n\t<div id=\"col-1267014035\" class=\"col medium-6 small-12 large-6\"  >\n\t\t\t\t<div class=\"col-inner\"  >\n\t\t\t\n\t\t\t\n\n<p>Posizionandosi al centro delle varie campagne pubblicitarie, MEDIAGENIC sostiene i suoi clienti fornendo :<\/p>\n<ul>\n<li>la sua capacit\u00e0 di definire e implementare una <a href=\"https:\/\/www.mediagenic.ch\/it\/la-nostra-esperienza\/\">strategia multimediale<\/a> su misura per la vostra identit\u00e0<\/li>\n<li>conoscenza dei media <a href=\"https:\/\/www.mediagenic.ch\/it\/la-nostra-esperienza\/\">online e offline<\/a><\/li>\n<li>competenze tecniche nella creazione, gestione e ottimizzazione delle campagne<\/li>\n<\/ul>\n<p style=\"font-weight: 400;\">Il nostro approccio \u00e8 progettato per essere efficace e specifico per le sfide affrontate da ciascun inserzionista, sempre nel rispetto dei nostri valori di &#8220;Simple, True &amp; Effective&#8221;.<\/p>\n<p style=\"font-weight: 400;\">Questa promessa costituisce la base dei nostri principi e d\u00e0 significato alle nostre azioni quotidiane.<\/p>\n\t<div id=\"gap-288266134\" class=\"gap-element clearfix\" style=\"display:block; height:auto;\">\n\t\t\n<style>\n#gap-288266134 {\n  padding-top: 30px;\n}\n<\/style>\n\t<\/div>\n\t\n\n<a href=\"https:\/\/www.mediagenic.ch\/it\/contatto\/\" target=\"_self\" class=\"button primary is-outline lowercase\"  >\n    <span>Vorrei saperne di pi\u00f9<\/span>\n  <\/a>\n\n\n\n\t\t<\/div>\n\t\t\t\t\n<style>\n#col-1267014035 > .col-inner {\n  padding: 0px 30px 0px 30px;\n}\n<\/style>\n\t<\/div>\n\n\t\n\n\t<div id=\"col-1277570489\" class=\"col medium-6 small-12 large-6\"  >\n\t\t\t\t<div class=\"col-inner\"  >\n\t\t\t\n\t\t\t\n\n<div>\n<p>I piani media possono ora essere ottimizzati sulla base di indicatori precisi.<\/p>\n<\/div>\n<p>\u00c8 possibile misurare l&#8217;impatto delle campagne di media branding <a href=\"https:\/\/www.mediagenic.ch\/it\/televisione\/\">televisive<\/a> e <a href=\"https:\/\/www.mediagenic.ch\/it\/la-nostra-esperienza\/radio\/\">radiofoniche<\/a> sul pubblico del vostro <a href=\"https:\/\/www.mediagenic.ch\/it\/la-nostra-esperienza\/digitale\/\">sito web<\/a>. Allo stesso modo, \u00e8 possibile attribuire le vendite effettuate presso i punti vendita alle campagne di branding televisive o display. Misurando il contributo di ogni attivazione mediatica, MEDIAGENIC riduce le spese e ottimizza il ROI degli investimenti, sviluppando al contempo i diversi marchi della vostra azienda.<\/p>\n<p>L&#8217;evoluzione del media buying e la sua digitalizzazione, la frammentazione del customer journey e i volumi di dati disponibili stanno creando nuove opportunit\u00e0 di comunicazione e di servizio per gli inserzionisti, ma anche nuove aspettative nei confronti dei loro partner:<\/p>\n<ul>\n<li>\n<p>trasparenza dei sistemi impiegati e dei risultati ottenuti<\/p>\n<\/li>\n<li>\n<p>ottimizzare le prestazioni e gli investimenti attraverso tutte le leve <a href=\"https:\/\/www.mediagenic.ch\/it\/la-nostra-esperienza\/\">On e Off<\/a> in atto<\/p>\n<\/li>\n<li>\n<p>sfruttare i dati generati dalle campagne<\/p>\n<\/li>\n<li>\n<p>la capacit\u00e0 di cogliere nuove opportunit\u00e0 e di innovare<\/p>\n<\/li>\n<\/ul>\n\n\t\t<\/div>\n\t\t\t\t\n<style>\n#col-1277570489 > .col-inner {\n  padding: 0px 30px 0px 30px;\n}\n<\/style>\n\t<\/div>\n\n\t\n\n<\/div>\n\n\t\t<\/div>\n\n\t\t\n<style>\n#section_684395446 {\n  padding-top: 60px;\n  padding-bottom: 60px;\n  background-color: rgb(255, 255, 255);\n}\n#section_684395446 .ux-shape-divider--top svg {\n  height: 150px;\n  --divider-top-width: 100%;\n}\n#section_684395446 .ux-shape-divider--bottom svg {\n  height: 150px;\n  --divider-width: 100%;\n}\n<\/style>\n\t<\/section>\n\t\n\t<section class=\"section\" id=\"section_1164272952\">\n\t\t<div class=\"bg section-bg fill bg-fill  bg-loaded\" >\n\n\t\t\t\n\t\t\t\n\t\t\t\n\t<div class=\"is-border\"\n\t\tstyle=\"border-width:1px 0px 1px 0px;\">\n\t<\/div>\n\n\t\t<\/div>\n\n\t\t\n\n\t\t<div class=\"section-content relative\">\n\t\t\t\n\n<div class=\"row align-middle\"  id=\"row-536015913\">\n\n\n\t<div id=\"col-402332356\" class=\"col medium-6 small-12 large-6\"  >\n\t\t\t\t<div class=\"col-inner\"  >\n\t\t\t\n\t\t\t\n\n<h2>Perch\u00e9 lavorare con noi?<\/h2>\n<p>Rivolgersi a MEDIAGENIC offre molti vantaggi alle aziende e ai marchi che vogliono costruire una strategia mediatica efficace nell&#8217;attuale societ\u00e0 dei consumi in rapida evoluzione. Ecco solo alcuni dei motivi per cui lavorare con noi \u00e8 vantaggioso:<\/p>\n<div class=\"accordion\" rel=\"\">\n\n<div class=\"accordion-item\"><a href=\"#\" class=\"accordion-title plain\"><button class=\"toggle\" aria-label=\"Toggle\"><i class=\"icon-angle-down\"><\/i><\/button><span>Competenze specialistiche<\/span><\/a><div class=\"accordion-inner\">\n\n<p>MEDIAGENIC ha una profonda esperienza nella comunicazione e nel marketing. Abbiamo una conoscenza approfondita delle tendenze dei media, dei canali di comunicazione e delle migliori strategie e pratiche per raggiungere efficacemente il pubblico di riferimento. La nostra esperienza ci permette di fornire una consulenza adeguata agli obiettivi specifici di ogni azienda.<\/p>\n\n<\/div><\/div>\n<div class=\"accordion-item\"><a href=\"#\" class=\"accordion-title plain\"><button class=\"toggle\" aria-label=\"Toggle\"><i class=\"icon-angle-down\"><\/i><\/button><span>Analisi approfondita<\/span><\/a><div class=\"accordion-inner\">\n\n<p>MEDIAGENIC effettua un&#8217;analisi approfondita del mercato, della concorrenza e del mercato di riferimento dell&#8217;azienda. Utilizziamo strumenti e metodologie specifiche per raccogliere e analizzare i dati rilevanti. L&#8217;analisi fornisce una migliore comprensione del panorama dei media, del comportamento dei consumatori e identifica le opportunit\u00e0 e le sfide specifiche dell&#8217;azienda.<\/p>\n\n<\/div><\/div>\n<div class=\"accordion-item\"><a href=\"#\" class=\"accordion-title plain\"><button class=\"toggle\" aria-label=\"Toggle\"><i class=\"icon-angle-down\"><\/i><\/button><span>Strategia personalizzata<\/span><\/a><div class=\"accordion-inner\">\n\n<p>In base agli obiettivi e alle esigenze dell&#8217;azienda, MEDIAGNEIC pu\u00f2 sviluppare una strategia personalizzata. Teniamo conto delle caratteristiche specifiche dell&#8217;azienda, del suo pubblico di riferimento, del suo settore di attivit\u00e0 e delle risorse disponibili. Questo approccio personalizzato assicura che la strategia mediatica sia adattata alle esigenze e alle capacit\u00e0 dell&#8217;azienda.<\/p>\n\n<\/div><\/div>\n<div class=\"accordion-item\"><a href=\"#\" class=\"accordion-title plain\"><button class=\"toggle\" aria-label=\"Toggle\"><i class=\"icon-angle-down\"><\/i><\/button><span>Ottimizzazione delle risorse<\/span><\/a><div class=\"accordion-inner\">\n\n<p>MEDIAGENIC pu\u00f2 aiutare a ottimizzare l&#8217;allocazione delle risorse aziendali. Sappiamo come sfruttare al meglio il budget stanziato, individuando i canali pi\u00f9 pertinenti e convenienti per raggiungere gli obiettivi di comunicazione. In questo modo si evitano spese inutili e si massimizza il ritorno sull&#8217;investimento.<\/p>\n\n<\/div><\/div>\n<div class=\"accordion-item\"><a href=\"#\" class=\"accordion-title plain\"><button class=\"toggle\" aria-label=\"Toggle\"><i class=\"icon-angle-down\"><\/i><\/button><span>Monitoraggio e valutazione<\/span><\/a><div class=\"accordion-inner\">\n\n<p>MEDIAGENIC monitora costantemente le prestazioni della strategia mediatica in atto. Effettuiamo misurazioni e analisi regolari per valutare l&#8217;efficacia delle azioni intraprese e per apportare le modifiche necessarie. In questo modo \u00e8 possibile ottimizzare la strategia in tempo reale e garantire un miglioramento continuo dei risultati.<\/p>\n\n<\/div><\/div>\n\n<\/div>\n\t<div id=\"gap-732548467\" class=\"gap-element clearfix\" style=\"display:block; height:auto;\">\n\t\t\n<style>\n#gap-732548467 {\n  padding-top: 40px;\n}\n<\/style>\n\t<\/div>\n\t\n\n<p>Quando vi rivolgete a MEDIAGENIC, ottenete competenze specialistiche, analisi approfondite, una strategia personalizzata, un buon rapporto qualit\u00e0-prezzo e un monitoraggio rigoroso. Questi vantaggi aiutano le aziende a costruire una solida strategia mediatica e a massimizzare il loro impatto in una societ\u00e0 di consumo versatile.<\/p>\n\n\t\t<\/div>\n\t\t\t\t\n<style>\n#col-402332356 > .col-inner {\n  padding: 30px 30px 30px 30px;\n}\n<\/style>\n\t<\/div>\n\n\t\n\n\t<div id=\"col-1930924825\" class=\"col medium-6 small-12 large-6\"  >\n\t\t\t\t<div class=\"col-inner text-center\"  >\n\t\t\t\n\t\t\t\n\n<div class=\"ux-logo has-hover align-middle ux_logo inline-block\" style=\"max-width: 100%!important; width: 335.42168674699px!important\"><div class=\"ux-logo-link block image-\" title=\"\"  href=\"\" style=\"padding: 15px;\"><img decoding=\"async\" src=\"https:\/\/www.mediagenic.ch\/wp-content\/uploads\/2023\/05\/mediagene_s.png\" title=\"\" alt=\"\" class=\"ux-logo-image block\" style=\"height:50px;\" \/><\/div><\/div>\n\n\t<div id=\"gap-1898215463\" class=\"gap-element clearfix\" style=\"display:block; height:auto;\">\n\t\t\n<style>\n#gap-1898215463 {\n  padding-top: 30px;\n}\n<\/style>\n\t<\/div>\n\t\n\n<p>&nbsp;<\/p>\n<h3>Esperienza commerciale<\/h3>\n<p>Conoscenza dei partenariati pubblico-privato \/ Coerenza degli acquisti<\/p>\n<h3>Un partner nella vostra attivit\u00e0<\/h3>\n<p>Un&#8217;agenzia ROI esperta in strategie mediatiche<\/p>\n<h3>Una metodologia unica<\/h3>\n<p>Un audit gratuito del vostro piano media:  <br \/>identificazione delle leve di ottimizzazione<\/p>\n<h3>100% indipendente<\/h3>\n<p>Trasparenza al 100% nell&#8217;acquisto dei media<\/p>\n\t<div id=\"gap-963357564\" class=\"gap-element clearfix\" style=\"display:block; height:auto;\">\n\t\t\n<style>\n#gap-963357564 {\n  padding-top: 100px;\n}\n<\/style>\n\t<\/div>\n\t\n\n<a class=\"button primary is-outline lowercase\"  >\n    <span>Vorrei contattarvi<\/span>\n  <\/a>\n\n\n\n\t\t<\/div>\n\t\t\t\t\t<\/div>\n\n\t\n\n<\/div>\n\n\t\t<\/div>\n\n\t\t\n<style>\n#section_1164272952 {\n  padding-top: 43px;\n  padding-bottom: 43px;\n  min-height: 276px;\n  background-color: rgb(255,255,255);\n}\n#section_1164272952 .ux-shape-divider--top svg {\n  height: 150px;\n  --divider-top-width: 100%;\n}\n#section_1164272952 .ux-shape-divider--bottom svg {\n  height: 150px;\n  --divider-width: 100%;\n}\n<\/style>\n\t<\/section>\n\t\n\n","protected":false},"excerpt":{"rendered":"","protected":false},"author":2,"featured_media":0,"parent":0,"menu_order":0,"comment_status":"closed","ping_status":"closed","template":"page-blank.php","meta":{"footnotes":""},"class_list":["post-21458","page","type-page","status-publish","hentry"],"_links":{"self":[{"href":"https:\/\/www.mediagenic.ch\/it\/wp-json\/wp\/v2\/pages\/21458","targetHints":{"allow":["GET"]}}],"collection":[{"href":"https:\/\/www.mediagenic.ch\/it\/wp-json\/wp\/v2\/pages"}],"about":[{"href":"https:\/\/www.mediagenic.ch\/it\/wp-json\/wp\/v2\/types\/page"}],"author":[{"embeddable":true,"href":"https:\/\/www.mediagenic.ch\/it\/wp-json\/wp\/v2\/users\/2"}],"replies":[{"embeddable":true,"href":"https:\/\/www.mediagenic.ch\/it\/wp-json\/wp\/v2\/comments?post=21458"}],"version-history":[{"count":1,"href":"https:\/\/www.mediagenic.ch\/it\/wp-json\/wp\/v2\/pages\/21458\/revisions"}],"predecessor-version":[{"id":25101,"href":"https:\/\/www.mediagenic.ch\/it\/wp-json\/wp\/v2\/pages\/21458\/revisions\/25101"}],"wp:attachment":[{"href":"https:\/\/www.mediagenic.ch\/it\/wp-json\/wp\/v2\/media?parent=21458"}],"curies":[{"name":"wp","href":"https:\/\/api.w.org\/{rel}","templated":true}]}}